{"id":3862,"date":"2025-03-03T11:49:13","date_gmt":"2025-03-03T11:49:13","guid":{"rendered":"https:\/\/toubkal.ac.ma\/?page_id=3862"},"modified":"2025-03-04T10:18:32","modified_gmt":"2025-03-04T10:18:32","slug":"services","status":"publish","type":"page","link":"https:\/\/toubkal.ac.ma\/index.php\/services\/","title":{"rendered":"Services"},"content":{"rendered":"<div id=\"cmsmasters_row_sq57m8wvw\" class=\"cmsmasters_row cmsmasters_color_scheme_default cmsmasters_row_top_default cmsmasters_row_bot_default cmsmasters_row_boxed\">\n<div class=\"cmsmasters_row_outer_parent\">\n<div class=\"cmsmasters_row_outer\">\n<div class=\"cmsmasters_row_inner\">\n<div class=\"cmsmasters_row_margin\">\n<div id=\"cmsmasters_column_2490pqpm7e\" class=\"cmsmasters_column one_half\">\n<div class=\"cmsmasters_column_inner\"><div id=\"cmsmasters_heading_c7h7zszq1h\" class=\"cmsmasters_heading_wrap cmsmasters_heading_align_left\">\n\t<h4 class=\"cmsmasters_heading\">Bien-\u00eatre<\/h4>\n<\/div><div class=\"cmsmasters_text text-align: justify;\">\n<p><\/p>\n<\/div>\n<div class=\"cmsmasters_text text-align: justify;\">\n<p><span style=\"color: #3988c4;\"><strong><span style=\"font-size: 14pt;\">Harmonie et bien-\u00eatre au c\u0153ur de la vie scolaire<\/span><\/strong><\/span><\/p>\n<p>Dans notre \u00e9tablissement scolaire, l&#8217;acc\u00e8s imm\u00e9diat aux premiers secours est indispensable pour garantir un environnement s\u00fbr et sain pour les \u00e9l\u00e8ves. Ainsi, une personne qualifi\u00e9e comp\u00e9tente se tient \u00e0 disposition pour intervenir rapidement en cas de blessure, de malaise ou d&#8217;accident.<\/p>\n<p>Gr\u00e2ce \u00e0 une convention avec la clinique des Nations Unies, nous assurons une prise en charge efficace et adapt\u00e9e, garantissant aux parents la tranquillit\u00e9 d&#8217;esprit de savoir leur enfant dans un cadre s\u00e9curis\u00e9 et bienveillant.<\/p>\n<\/div>\n<\/div><\/div>\n<div id=\"cmsmasters_column_0qstex6yf\" class=\"cmsmasters_column one_half\">\n<div class=\"cmsmasters_column_inner\"><div class=\"cmsmasters_img  cmsmasters_image_n\"><img decoding=\"async\" src=\"https:\/\/toubkal.ac.ma\/wp-content\/uploads\/2025\/03\/medium-shot-kids-with-medals-hugging-scaled.jpg\" \/><\/div>\n<\/div><\/div>\n<\/div>\n<\/div>\n<\/div>\n<\/div>\n<\/div>\n<div id=\"cmsmasters_row_wjbzs4oe6e\" class=\"cmsmasters_row cmsmasters_color_scheme_default cmsmasters_row_top_default cmsmasters_row_bot_default cmsmasters_row_boxed\">\n<div class=\"cmsmasters_row_outer_parent\">\n<div class=\"cmsmasters_row_outer\">\n<div class=\"cmsmasters_row_inner\">\n<div class=\"cmsmasters_row_margin\">\n<div id=\"cmsmasters_column_np07fk329p\" class=\"cmsmasters_column one_half\">\n<div class=\"cmsmasters_column_inner\"><div class=\"cmsmasters_img  cmsmasters_image_n\"><img decoding=\"async\" src=\"https:\/\/toubkal.ac.ma\/wp-content\/uploads\/2025\/02\/toubkal-image-02.jpg\" \/><\/div>\n<\/div><\/div>\n<div id=\"cmsmasters_column_lqki648xok\" class=\"cmsmasters_column one_half\">\n<div class=\"cmsmasters_column_inner\"><div id=\"cmsmasters_heading_z486pe5acn\" class=\"cmsmasters_heading_wrap cmsmasters_heading_align_left\">\n\t<h4 class=\"cmsmasters_heading\">Transport<\/h4>\n<\/div><div class=\"cmsmasters_text text-align: justify;\">\n<p><\/p>\n<\/div>\n<div class=\"cmsmasters_text text-align: justify;\">\n<p style=\"text-align: justify;\"><span style=\"color: #3988c4;\"><strong><span style=\"font-size: 14pt;\">Toujours \u00e0 votre disposition<\/span> <\/strong><\/span><\/p>\n<p style=\"text-align: justify;\">L\u2019\u00e9cole met \u00e0 la disposition des familles\u00a0un service de transport scolaire dot\u00e9 de bus de qualit\u00e9 conduits par des chauffeurs exp\u00e9riment\u00e9s et consciencieux.<\/p>\n<p style=\"text-align: justify;\">Nous proposons annuellement trois choix de trajets pour pouvoir r\u00e9pondre aux besoins de fa\u00e7on optimale.<\/p>\n<\/div>\n<\/div><\/div>\n<\/div>\n<\/div>\n<\/div>\n<\/div>\n<\/div>\n<div id=\"cmsmasters_row_nkpqtit8fi\" class=\"cmsmasters_row cmsmasters_color_scheme_default cmsmasters_row_top_default cmsmasters_row_bot_default cmsmasters_row_boxed\">\n<div class=\"cmsmasters_row_outer_parent\">\n<div class=\"cmsmasters_row_outer\">\n<div class=\"cmsmasters_row_inner\">\n<div class=\"cmsmasters_row_margin\">\n<div id=\"cmsmasters_column_sy6jbmh034\" class=\"cmsmasters_column one_half\">\n<div class=\"cmsmasters_column_inner\"><div id=\"cmsmasters_heading_0ntv80bp1h\" class=\"cmsmasters_heading_wrap cmsmasters_heading_align_left\">\n\t<h4 class=\"cmsmasters_heading\">Activit\u00e9s parascolaires<\/h4>\n<\/div><div class=\"cmsmasters_text text-align: justify;\">\n<p><\/p>\n<\/div>\n<div class=\"cmsmasters_text text-align: justify;\">\n<p class=\"cmsmasters_heading\"><span style=\"color: #3988c4; font-size: 14pt;\"><strong>S&#8217;\u00e9panouir partout, apprendre toujours<\/strong><\/span><\/p>\n<p>L\u2019\u00e9cole met \u00e0 la disposition des familles\u00a0une s\u00e9rie d\u2019activit\u00e9s parascolaires encadr\u00e9es par des enseignants sp\u00e9cialis\u00e9s dans leur domaine\u00a0: coran, conte, communication, robotique, atelier d\u2019\u00e9criture, art plastique et \u00e9ducation physique et sportive.<\/p>\n<\/div>\n<\/div><\/div>\n<div id=\"cmsmasters_column_5lgbx36zdu\" class=\"cmsmasters_column one_half\">\n<div class=\"cmsmasters_column_inner\"><div class=\"cmsmasters_img  cmsmasters_image_n\"><img decoding=\"async\" src=\"https:\/\/toubkal.ac.ma\/wp-content\/uploads\/2025\/01\/sport.jpg\" \/><\/div>\n<\/div><\/div>\n<\/div>\n<\/div>\n<\/div>\n<\/div>\n<\/div>\n\n","protected":false},"excerpt":{"rendered":"","protected":false},"author":1,"featured_media":0,"parent":0,"menu_order":0,"comment_status":"closed","ping_status":"closed","template":"","meta":{"footnotes":""},"class_list":["post-3862","page","type-page","status-publish","hentry"],"yoast_head":"<!-- This site is optimized with the Yoast SEO plugin v19.10 - https:\/\/yoast.com\/wordpress\/plugins\/seo\/ -->\n<title>Services - Toubkal<\/title>\n<meta name=\"robots\" content=\"index, follow, max-snippet:-1, max-image-preview:large, max-video-preview:-1\" \/>\n<link rel=\"canonical\" href=\"https:\/\/toubkal.ac.ma\/index.php\/services\/\" \/>\n<meta property=\"og:locale\" content=\"fr_FR\" \/>\n<meta property=\"og:type\" content=\"article\" \/>\n<meta property=\"og:title\" content=\"Services - Toubkal\" \/>\n<meta property=\"og:url\" content=\"https:\/\/toubkal.ac.ma\/index.php\/services\/\" \/>\n<meta property=\"og:site_name\" content=\"Toubkal\" \/>\n<meta property=\"article:modified_time\" content=\"2025-03-04T10:18:32+00:00\" \/>\n<meta name=\"twitter:card\" content=\"summary_large_image\" \/>\n<meta name=\"twitter:label1\" content=\"Dur\u00e9e de lecture estim\u00e9e\" \/>\n\t<meta name=\"twitter:data1\" content=\"3 minutes\" \/>\n<script type=\"application\/ld+json\" class=\"yoast-schema-graph\">{\"@context\":\"https:\/\/schema.org\",\"@graph\":[{\"@type\":\"WebPage\",\"@id\":\"https:\/\/toubkal.ac.ma\/index.php\/services\/\",\"url\":\"https:\/\/toubkal.ac.ma\/index.php\/services\/\",\"name\":\"Services - Toubkal\",\"isPartOf\":{\"@id\":\"https:\/\/toubkal.ac.ma\/#website\"},\"datePublished\":\"2025-03-03T11:49:13+00:00\",\"dateModified\":\"2025-03-04T10:18:32+00:00\",\"breadcrumb\":{\"@id\":\"https:\/\/toubkal.ac.ma\/index.php\/services\/#breadcrumb\"},\"inLanguage\":\"fr-FR\",\"potentialAction\":[{\"@type\":\"ReadAction\",\"target\":[\"https:\/\/toubkal.ac.ma\/index.php\/services\/\"]}]},{\"@type\":\"BreadcrumbList\",\"@id\":\"https:\/\/toubkal.ac.ma\/index.php\/services\/#breadcrumb\",\"itemListElement\":[{\"@type\":\"ListItem\",\"position\":1,\"name\":\"Home\",\"item\":\"https:\/\/toubkal.ac.ma\/\"},{\"@type\":\"ListItem\",\"position\":2,\"name\":\"Services\"}]},{\"@type\":\"WebSite\",\"@id\":\"https:\/\/toubkal.ac.ma\/#website\",\"url\":\"https:\/\/toubkal.ac.ma\/\",\"name\":\"Toubkal\",\"description\":\"Institution\",\"potentialAction\":[{\"@type\":\"SearchAction\",\"target\":{\"@type\":\"EntryPoint\",\"urlTemplate\":\"https:\/\/toubkal.ac.ma\/?s={search_term_string}\"},\"query-input\":\"required name=search_term_string\"}],\"inLanguage\":\"fr-FR\"}]}<\/script>\n<!-- \/ Yoast SEO plugin. -->","yoast_head_json":{"title":"Services - Toubkal","robots":{"index":"index","follow":"follow","max-snippet":"max-snippet:-1","max-image-preview":"max-image-preview:large","max-video-preview":"max-video-preview:-1"},"canonical":"https:\/\/toubkal.ac.ma\/index.php\/services\/","og_locale":"fr_FR","og_type":"article","og_title":"Services - Toubkal","og_url":"https:\/\/toubkal.ac.ma\/index.php\/services\/","og_site_name":"Toubkal","article_modified_time":"2025-03-04T10:18:32+00:00","twitter_card":"summary_large_image","twitter_misc":{"Dur\u00e9e de lecture estim\u00e9e":"3 minutes"},"schema":{"@context":"https:\/\/schema.org","@graph":[{"@type":"WebPage","@id":"https:\/\/toubkal.ac.ma\/index.php\/services\/","url":"https:\/\/toubkal.ac.ma\/index.php\/services\/","name":"Services - Toubkal","isPartOf":{"@id":"https:\/\/toubkal.ac.ma\/#website"},"datePublished":"2025-03-03T11:49:13+00:00","dateModified":"2025-03-04T10:18:32+00:00","breadcrumb":{"@id":"https:\/\/toubkal.ac.ma\/index.php\/services\/#breadcrumb"},"inLanguage":"fr-FR","potentialAction":[{"@type":"ReadAction","target":["https:\/\/toubkal.ac.ma\/index.php\/services\/"]}]},{"@type":"BreadcrumbList","@id":"https:\/\/toubkal.ac.ma\/index.php\/services\/#breadcrumb","itemListElement":[{"@type":"ListItem","position":1,"name":"Home","item":"https:\/\/toubkal.ac.ma\/"},{"@type":"ListItem","position":2,"name":"Services"}]},{"@type":"WebSite","@id":"https:\/\/toubkal.ac.ma\/#website","url":"https:\/\/toubkal.ac.ma\/","name":"Toubkal","description":"Institution","potentialAction":[{"@type":"SearchAction","target":{"@type":"EntryPoint","urlTemplate":"https:\/\/toubkal.ac.ma\/?s={search_term_string}"},"query-input":"required name=search_term_string"}],"inLanguage":"fr-FR"}]}},"_links":{"self":[{"href":"https:\/\/toubkal.ac.ma\/index.php\/wp-json\/wp\/v2\/pages\/3862","targetHints":{"allow":["GET"]}}],"collection":[{"href":"https:\/\/toubkal.ac.ma\/index.php\/wp-json\/wp\/v2\/pages"}],"about":[{"href":"https:\/\/toubkal.ac.ma\/index.php\/wp-json\/wp\/v2\/types\/page"}],"author":[{"embeddable":true,"href":"https:\/\/toubkal.ac.ma\/index.php\/wp-json\/wp\/v2\/users\/1"}],"replies":[{"embeddable":true,"href":"https:\/\/toubkal.ac.ma\/index.php\/wp-json\/wp\/v2\/comments?post=3862"}],"version-history":[{"count":17,"href":"https:\/\/toubkal.ac.ma\/index.php\/wp-json\/wp\/v2\/pages\/3862\/revisions"}],"predecessor-version":[{"id":3893,"href":"https:\/\/toubkal.ac.ma\/index.php\/wp-json\/wp\/v2\/pages\/3862\/revisions\/3893"}],"wp:attachment":[{"href":"https:\/\/toubkal.ac.ma\/index.php\/wp-json\/wp\/v2\/media?parent=3862"}],"curies":[{"name":"wp","href":"https:\/\/api.w.org\/{rel}","templated":true}]}}