{"id":3590,"date":"2025-01-06T11:10:53","date_gmt":"2025-01-06T11:10:53","guid":{"rendered":"https:\/\/toubkal.ac.ma\/?page_id=3590"},"modified":"2025-02-17T10:03:15","modified_gmt":"2025-02-17T10:03:15","slug":"pre-inscription-primaire","status":"publish","type":"page","link":"https:\/\/toubkal.ac.ma\/index.php\/pre-inscription-primaire\/","title":{"rendered":"Pr\u00e9 inscription primaire"},"content":{"rendered":"<div id=\"cmsmasters_row_rie0l2xyak\" class=\"cmsmasters_row cmsmasters_color_scheme_default cmsmasters_row_top_default cmsmasters_row_bot_default cmsmasters_row_boxed\">\n<div class=\"cmsmasters_row_outer_parent\">\n<div class=\"cmsmasters_row_outer\">\n<div class=\"cmsmasters_row_inner\">\n<div class=\"cmsmasters_row_margin\">\n<div id=\"cmsmasters_column_rjo8vqgsg\" class=\"cmsmasters_column one_first\">\n<div class=\"cmsmasters_column_inner\"><\/div><\/div>\n<\/div>\n<\/div>\n<\/div>\n<\/div>\n<\/div>\n<div id=\"cmsmasters_row_w7gawrjuqt\" class=\"cmsmasters_row cmsmasters_color_scheme_default cmsmasters_row_top_default cmsmasters_row_bot_default cmsmasters_row_boxed\">\n<div class=\"cmsmasters_row_outer_parent\">\n<div class=\"cmsmasters_row_outer\">\n<div class=\"cmsmasters_row_inner\">\n<div class=\"cmsmasters_row_margin\">\n<div id=\"cmsmasters_column_aj5ut8f8v9\" class=\"cmsmasters_column one_half\">\n<div class=\"cmsmasters_column_inner\"><div class=\"cmsmasters_text\">\n<h3><span style=\"color: #003399;\"><strong>Conditions d\u2019inscription :<\/strong><\/span><\/h3>\n<ul>\n<li style=\"list-style-type: none;\">\n<ul>\n<li><span style=\"color: #333333;\">L\u2019\u00e2ge de l\u2019\u00e9l\u00e8ve.<\/span><\/li>\n<li><span style=\"color: #333333;\">Disponibilit\u00e9 des places et priorit\u00e9 \u00e0 la fratrie.<\/span><\/li>\n<li><span style=\"color: #333333;\">Tests \u00e9crits (arabes, fran\u00e7ais et math\u00e9matiques) et entretien dans les deux langues.<\/span><\/li>\n<\/ul>\n<\/li>\n<\/ul>\n<h3><span style=\"color: #003399;\"><strong>Modalit\u00e9s d\u2019inscription :<\/strong><\/span><\/h3>\n<ol>\n<li style=\"list-style-type: none;\">\n<ol>\n<li><span style=\"color: #333333;\">Remplir le formulaire de pr\u00e9inscription.<\/span><\/li>\n<li><span style=\"color: #333333;\">Fournir une copie des bulletins scolaires (1<sup>er<\/sup> semestre de l\u2019ann\u00e9e en cours et 2<sup>\u00e8me<\/sup> semestre de l\u2019ann\u00e9e pr\u00e9c\u00e9dente) et remettre une attestation de scolarit\u00e9 de l\u2019ann\u00e9e en cours 2024-2025.<\/span><\/li>\n<li><span style=\"color: #333333;\">Passer un entretien et un test d\u2019admission \u00e0 l\u2019\u00e9l\u00e8ve selon le calendrier publi\u00e9.<\/span><\/li>\n<li><span style=\"color: #333333;\">Proc\u00e9der \u00e0 l\u2019inscription apr\u00e8s r\u00e9sultat du test (*).<\/span><\/li>\n<\/ol>\n<\/li>\n<\/ol>\n<p><span style=\"color: #ff6600;\"><strong>(*)\u00a0: <\/strong><strong>L\u2019inscription n\u2019est d\u00e9finitive qu\u2019apr\u00e8s r\u00e8glement des frais d\u2019inscription<\/strong><strong>.<\/strong><\/span><\/p>\n<h3><span style=\"color: #003399;\"><strong>Pi\u00e8ces \u00e0 fournir pour l\u2019inscription :<\/strong><\/span><\/h3>\n<ul>\n<li style=\"list-style-type: none;\">\n<ul>\n<li><span style=\"color: #333333;\">Un (1) extrait d\u2019acte de naissance,<\/span><\/li>\n<li><span style=\"color: #333333;\">Quatre (4) photos d\u2019identit\u00e9,<\/span><\/li>\n<li><span style=\"color: #333333;\">Une (1) copie du carnet de sant\u00e9.<\/span><\/li>\n<li><span style=\"color: #333333;\">Une (1) copie des CIN des parents ou du tuteur, ainsi que celle des personnes habilit\u00e9es \u00e0 accompagner l\u2019enfant.<\/span><\/li>\n<li><span style=\"color: #333333;\">Un (1) certificat de radiation extrait de MASSAR<\/span><\/li>\n<\/ul>\n<\/li>\n<\/ul>\n<\/div>\n<\/div><\/div>\n<div id=\"cmsmasters_column_gblsuas4kc\" class=\"cmsmasters_column one_half\">\n<div class=\"cmsmasters_column_inner\"><div id=\"cmsmasters_heading_4fxc827h7s\" class=\"cmsmasters_heading_wrap cmsmasters_heading_align_left\">\n\t<h3 class=\"cmsmasters_heading\">Formulaire de pr\u00e9inscription<\/h3>\n<\/div>\n<div class=\"cmsmasters_contact_form\"><div role=\"form\" class=\"wpcf7\" id=\"wpcf7-f3595-o1\" lang=\"fr-FR\" dir=\"ltr\">\n<div class=\"screen-reader-response\"><p role=\"status\" aria-live=\"polite\" aria-atomic=\"true\"><\/p> <ul><\/ul><\/div>\n<form action=\"\/index.php\/wp-json\/wp\/v2\/pages\/3590#wpcf7-f3595-o1\" method=\"post\" class=\"wpcf7-form init\" novalidate=\"novalidate\" data-status=\"init\">\n<div style=\"display: none;\">\n<input type=\"hidden\" name=\"_wpcf7\" value=\"3595\" \/>\n<input type=\"hidden\" name=\"_wpcf7_version\" value=\"5.6.4\" \/>\n<input type=\"hidden\" name=\"_wpcf7_locale\" value=\"fr_FR\" \/>\n<input type=\"hidden\" name=\"_wpcf7_unit_tag\" value=\"wpcf7-f3595-o1\" \/>\n<input type=\"hidden\" name=\"_wpcf7_container_post\" value=\"0\" \/>\n<input type=\"hidden\" name=\"_wpcf7_posted_data_hash\" value=\"\" \/>\n<\/div>\n<p><label>\n<div style=\"color: #333;font-weight: 600;padding:0 10px;\"><span style=\"float:left;\">Nom (Tuteur)<\/span><span style=\"float:right;\">\u0627\u0644\u0646\u0633\u0628 (\u0627\u0644\u0648\u0644\u064a)<\/span><\/div>\n<p>    <span class=\"wpcf7-form-control-wrap\" data-name=\"Nom-tuteur\"><input type=\"text\" name=\"Nom-tuteur\" value=\"\" size=\"40\" class=\"wpcf7-form-control wpcf7-text wpcf7-validates-as-required\" aria-required=\"true\" aria-invalid=\"false\" \/><\/span> <\/label><label>\n<div style=\"color: #333;font-weight: 600;padding:0 10px;\"><span style=\"float:left;\"> Pr\u00e9nom (Tuteur)<\/span><span style=\"float:right;\">\u0627\u0644\u0627\u0633\u0645 (\u0627\u0644\u0648\u0644\u064a)<\/span><\/div>\n<p>    <span class=\"wpcf7-form-control-wrap\" data-name=\"prenom\"><input type=\"text\" name=\"prenom\" value=\"\" size=\"40\" class=\"wpcf7-form-control wpcf7-text wpcf7-validates-as-required\" aria-required=\"true\" aria-invalid=\"false\" \/><\/span> <\/label><label>\n<div style=\"color: #333;font-weight: 600;padding:0 10px;\"><span style=\"float:left;\"> T\u00e9l\u00e9phone<\/span><span style=\"float:right;\">\u0627\u0644\u0647\u0627\u062a\u0641<\/span><\/div>\n<p>    <span class=\"wpcf7-form-control-wrap\" data-name=\"telephone\"><input type=\"tel\" name=\"telephone\" value=\"\" size=\"40\" class=\"wpcf7-form-control wpcf7-text wpcf7-tel wpcf7-validates-as-tel\" aria-invalid=\"false\" \/><\/span> <\/label><label>\n<div style=\"color: #333;font-weight: 600;padding:0 10px;\"><span style=\"float:left;\"> Adresse E-mail<\/span><span style=\"float:right;\">\u0627\u0644\u0628\u0631\u064a\u062f \u0627\u0644\u0625\u0644\u0643\u062a\u0631\u0648\u0646\u064a<\/span><\/div>\n<p>    <span class=\"wpcf7-form-control-wrap\" data-name=\"email\"><input type=\"email\" name=\"email\" value=\"\" size=\"40\" class=\"wpcf7-form-control wpcf7-text wpcf7-email wpcf7-validates-as-required wpcf7-validates-as-email\" aria-required=\"true\" aria-invalid=\"false\" \/><\/span> <\/label><label>\n<div style=\"color: #333;font-weight: 600;padding:0 10px;\"><span style=\"float:left;\"> Nom (\u00c9l\u00e8ve)<\/span><span style=\"float:right;\">\u0627\u0644\u0646\u0633\u0628 (\u0627\u0644\u062a\u0644\u0645\u064a\u0630)<\/span><\/div>\n<p>    <span class=\"wpcf7-form-control-wrap\" data-name=\"Nom-Enfant\"><input type=\"text\" name=\"Nom-Enfant\" value=\"\" size=\"40\" class=\"wpcf7-form-control wpcf7-text wpcf7-validates-as-required\" aria-required=\"true\" aria-invalid=\"false\" \/><\/span> <\/label><label>\n<div style=\"color: #333;font-weight: 600;padding:0 10px;\"><span style=\"float:left;\"> Pr\u00e9nom (\u00c9l\u00e8ve)<\/span><span style=\"float:right;\">\u0627\u0644\u0627\u0633\u0645 (\u0627\u0644\u062a\u0644\u0645\u064a\u0630)<\/span><\/div>\n<p>    <span class=\"wpcf7-form-control-wrap\" data-name=\"prenom-Enfant\"><input type=\"text\" name=\"prenom-Enfant\" value=\"\" size=\"40\" class=\"wpcf7-form-control wpcf7-text wpcf7-validates-as-required\" aria-required=\"true\" aria-invalid=\"false\" \/><\/span> <\/label><label>\n<div style=\"color: #333;font-weight: 600;padding:0 10px;\"><span style=\"float:left;\"> Date de naissance<\/span><span style=\"float:right;\">\u062a\u0627\u0631\u064a\u062e \u0627\u0644\u0627\u0632\u062f\u064a\u0627\u062f<\/span><\/div>\n<p>    <span class=\"wpcf7-form-control-wrap\" data-name=\"Datedenaissance\"><input type=\"date\" name=\"Datedenaissance\" value=\"\" class=\"wpcf7-form-control wpcf7-date wpcf7-validates-as-date\" aria-invalid=\"false\" \/><\/span> <\/label><label>\n<div style=\"color: #333;font-weight: 600;padding:0 10px;\"><span style=\"float:left;\"> Lieu de naissance<\/span><span style=\"float:right;\">\u0645\u0643\u0627\u0646 \u0627\u0644\u0627\u0632\u062f\u064a\u0627\u062f<\/span><\/div>\n<p>    <span class=\"wpcf7-form-control-wrap\" data-name=\"lieu\"><input type=\"text\" name=\"lieu\" value=\"\" size=\"40\" class=\"wpcf7-form-control wpcf7-text wpcf7-validates-as-required\" aria-required=\"true\" aria-invalid=\"false\" \/><\/span> <\/label><label>\n<div style=\"color: #333;font-weight: 600;padding:0 10px;\"><span style=\"float:left;\"> Nationalit\u00e9<\/span><span style=\"float:right;\">\u0627\u0644\u062c\u0646\u0633\u064a\u0629<\/span><\/div>\n<p>    <span class=\"wpcf7-form-control-wrap\" data-name=\"Nationalite\"><input type=\"text\" name=\"Nationalite\" value=\"\" size=\"40\" class=\"wpcf7-form-control wpcf7-text wpcf7-validates-as-required\" aria-required=\"true\" aria-invalid=\"false\" \/><\/span> <\/label><label>\n<div style=\"color: #333;font-weight: 600;padding:0 10px;\"><span style=\"float:left;\"> Niveau scolaire actuel<\/span><span style=\"float:right;\">\u0627\u0644\u0645\u0633\u062a\u0648\u0649 \u0627\u0644\u062f\u0631\u0627\u0633\u064a \u0627\u0644\u062d\u0627\u0644\u064a<\/span><\/div>\n<p>    <span class=\"wpcf7-form-control-wrap\" data-name=\"niveau\"><input type=\"text\" name=\"niveau\" value=\"\" size=\"40\" class=\"wpcf7-form-control wpcf7-text wpcf7-validates-as-required\" aria-required=\"true\" aria-invalid=\"false\" \/><\/span> <\/label><\/p>\n<p><input type=\"submit\" value=\"Envoyer\" class=\"wpcf7-form-control has-spinner wpcf7-submit\" \/><\/p>\n<p style=\"display: none !important;\" class=\"akismet-fields-container\" data-prefix=\"_wpcf7_ak_\"><label>&#916;<textarea name=\"_wpcf7_ak_hp_textarea\" cols=\"45\" rows=\"8\" maxlength=\"100\"><\/textarea><\/label><input type=\"hidden\" id=\"ak_js_1\" name=\"_wpcf7_ak_js\" value=\"37\"\/><script>document.getElementById( \"ak_js_1\" ).setAttribute( \"value\", ( new Date() ).getTime() );<\/script><\/p><div class=\"wpcf7-response-output\" aria-hidden=\"true\"><\/div><\/form><\/div><\/div>\n<\/div><\/div>\n<\/div>\n<\/div>\n<\/div>\n<\/div>\n<\/div>\n<div id=\"cmsmasters_row_775h1oxeea\" class=\"cmsmasters_row cmsmasters_color_scheme_default cmsmasters_row_top_default cmsmasters_row_bot_default cmsmasters_row_fullwidth\">\n<div class=\"cmsmasters_row_outer_parent\">\n<div class=\"cmsmasters_row_outer\">\n<div class=\"cmsmasters_row_inner cmsmasters_row_fullwidth\">\n<div class=\"cmsmasters_row_margin\">\n<div id=\"cmsmasters_column_n6q23a9fcp\" class=\"cmsmasters_column one_first\">\n<div class=\"cmsmasters_column_inner\"><div class=\"cmsmasters_text\">\n<iframe loading=\"lazy\" style=\"border: 0;\" src=\"https:\/\/www.google.com\/maps\/embed?pb=!1m18!1m12!1m3!1d3308.6354101997217!2d-6.827529371840613!3d33.9762093410083!2m3!1f0!2f0!3f0!3m2!1i1024!2i768!4f13.1!3m3!1m2!1s0xda76b5a668dcf99%3A0xb8efd2368a24830!2sInstitution%20Toubkal!5e0!3m2!1sfr!2sma!4v1735640463203!5m2!1sfr!2sma\" width=\"100%\" height=\"400\" allowfullscreen=\"allowfullscreen\" data-mce-fragment=\"1\"><\/iframe>\n<\/div>\n<\/div><\/div>\n<\/div>\n<\/div>\n<\/div>\n<\/div>\n<\/div>\n\n","protected":false},"excerpt":{"rendered":"","protected":false},"author":1,"featured_media":0,"parent":0,"menu_order":0,"comment_status":"closed","ping_status":"closed","template":"","meta":{"footnotes":""},"class_list":["post-3590","page","type-page","status-publish","hentry"],"yoast_head":"<!-- This site is optimized with the Yoast SEO plugin v19.10 - https:\/\/yoast.com\/wordpress\/plugins\/seo\/ -->\n<title>Pr\u00e9 inscription primaire - Toubkal<\/title>\n<meta name=\"robots\" content=\"index, follow, max-snippet:-1, max-image-preview:large, max-video-preview:-1\" \/>\n<link rel=\"canonical\" href=\"https:\/\/toubkal.ac.ma\/index.php\/pre-inscription-primaire\/\" \/>\n<meta property=\"og:locale\" content=\"fr_FR\" \/>\n<meta property=\"og:type\" content=\"article\" \/>\n<meta property=\"og:title\" content=\"Pr\u00e9 inscription primaire - Toubkal\" \/>\n<meta property=\"og:url\" content=\"https:\/\/toubkal.ac.ma\/index.php\/pre-inscription-primaire\/\" \/>\n<meta property=\"og:site_name\" content=\"Toubkal\" \/>\n<meta property=\"article:modified_time\" content=\"2025-02-17T10:03:15+00:00\" \/>\n<meta name=\"twitter:card\" content=\"summary_large_image\" \/>\n<meta name=\"twitter:label1\" content=\"Dur\u00e9e de lecture estim\u00e9e\" \/>\n\t<meta name=\"twitter:data1\" content=\"2 minutes\" \/>\n<script type=\"application\/ld+json\" class=\"yoast-schema-graph\">{\"@context\":\"https:\/\/schema.org\",\"@graph\":[{\"@type\":\"WebPage\",\"@id\":\"https:\/\/toubkal.ac.ma\/index.php\/pre-inscription-primaire\/\",\"url\":\"https:\/\/toubkal.ac.ma\/index.php\/pre-inscription-primaire\/\",\"name\":\"Pr\u00e9 inscription primaire - Toubkal\",\"isPartOf\":{\"@id\":\"https:\/\/toubkal.ac.ma\/#website\"},\"datePublished\":\"2025-01-06T11:10:53+00:00\",\"dateModified\":\"2025-02-17T10:03:15+00:00\",\"breadcrumb\":{\"@id\":\"https:\/\/toubkal.ac.ma\/index.php\/pre-inscription-primaire\/#breadcrumb\"},\"inLanguage\":\"fr-FR\",\"potentialAction\":[{\"@type\":\"ReadAction\",\"target\":[\"https:\/\/toubkal.ac.ma\/index.php\/pre-inscription-primaire\/\"]}]},{\"@type\":\"BreadcrumbList\",\"@id\":\"https:\/\/toubkal.ac.ma\/index.php\/pre-inscription-primaire\/#breadcrumb\",\"itemListElement\":[{\"@type\":\"ListItem\",\"position\":1,\"name\":\"Home\",\"item\":\"https:\/\/toubkal.ac.ma\/\"},{\"@type\":\"ListItem\",\"position\":2,\"name\":\"Pr\u00e9 inscription primaire\"}]},{\"@type\":\"WebSite\",\"@id\":\"https:\/\/toubkal.ac.ma\/#website\",\"url\":\"https:\/\/toubkal.ac.ma\/\",\"name\":\"Toubkal\",\"description\":\"Institution\",\"potentialAction\":[{\"@type\":\"SearchAction\",\"target\":{\"@type\":\"EntryPoint\",\"urlTemplate\":\"https:\/\/toubkal.ac.ma\/?s={search_term_string}\"},\"query-input\":\"required name=search_term_string\"}],\"inLanguage\":\"fr-FR\"}]}<\/script>\n<!-- \/ Yoast SEO plugin. -->","yoast_head_json":{"title":"Pr\u00e9 inscription primaire - Toubkal","robots":{"index":"index","follow":"follow","max-snippet":"max-snippet:-1","max-image-preview":"max-image-preview:large","max-video-preview":"max-video-preview:-1"},"canonical":"https:\/\/toubkal.ac.ma\/index.php\/pre-inscription-primaire\/","og_locale":"fr_FR","og_type":"article","og_title":"Pr\u00e9 inscription primaire - Toubkal","og_url":"https:\/\/toubkal.ac.ma\/index.php\/pre-inscription-primaire\/","og_site_name":"Toubkal","article_modified_time":"2025-02-17T10:03:15+00:00","twitter_card":"summary_large_image","twitter_misc":{"Dur\u00e9e de lecture estim\u00e9e":"2 minutes"},"schema":{"@context":"https:\/\/schema.org","@graph":[{"@type":"WebPage","@id":"https:\/\/toubkal.ac.ma\/index.php\/pre-inscription-primaire\/","url":"https:\/\/toubkal.ac.ma\/index.php\/pre-inscription-primaire\/","name":"Pr\u00e9 inscription primaire - Toubkal","isPartOf":{"@id":"https:\/\/toubkal.ac.ma\/#website"},"datePublished":"2025-01-06T11:10:53+00:00","dateModified":"2025-02-17T10:03:15+00:00","breadcrumb":{"@id":"https:\/\/toubkal.ac.ma\/index.php\/pre-inscription-primaire\/#breadcrumb"},"inLanguage":"fr-FR","potentialAction":[{"@type":"ReadAction","target":["https:\/\/toubkal.ac.ma\/index.php\/pre-inscription-primaire\/"]}]},{"@type":"BreadcrumbList","@id":"https:\/\/toubkal.ac.ma\/index.php\/pre-inscription-primaire\/#breadcrumb","itemListElement":[{"@type":"ListItem","position":1,"name":"Home","item":"https:\/\/toubkal.ac.ma\/"},{"@type":"ListItem","position":2,"name":"Pr\u00e9 inscription primaire"}]},{"@type":"WebSite","@id":"https:\/\/toubkal.ac.ma\/#website","url":"https:\/\/toubkal.ac.ma\/","name":"Toubkal","description":"Institution","potentialAction":[{"@type":"SearchAction","target":{"@type":"EntryPoint","urlTemplate":"https:\/\/toubkal.ac.ma\/?s={search_term_string}"},"query-input":"required name=search_term_string"}],"inLanguage":"fr-FR"}]}},"_links":{"self":[{"href":"https:\/\/toubkal.ac.ma\/index.php\/wp-json\/wp\/v2\/pages\/3590","targetHints":{"allow":["GET"]}}],"collection":[{"href":"https:\/\/toubkal.ac.ma\/index.php\/wp-json\/wp\/v2\/pages"}],"about":[{"href":"https:\/\/toubkal.ac.ma\/index.php\/wp-json\/wp\/v2\/types\/page"}],"author":[{"embeddable":true,"href":"https:\/\/toubkal.ac.ma\/index.php\/wp-json\/wp\/v2\/users\/1"}],"replies":[{"embeddable":true,"href":"https:\/\/toubkal.ac.ma\/index.php\/wp-json\/wp\/v2\/comments?post=3590"}],"version-history":[{"count":5,"href":"https:\/\/toubkal.ac.ma\/index.php\/wp-json\/wp\/v2\/pages\/3590\/revisions"}],"predecessor-version":[{"id":3667,"href":"https:\/\/toubkal.ac.ma\/index.php\/wp-json\/wp\/v2\/pages\/3590\/revisions\/3667"}],"wp:attachment":[{"href":"https:\/\/toubkal.ac.ma\/index.php\/wp-json\/wp\/v2\/media?parent=3590"}],"curies":[{"name":"wp","href":"https:\/\/api.w.org\/{rel}","templated":true}]}}