{"id":3120,"date":"2022-11-10T14:49:07","date_gmt":"2022-11-10T14:49:07","guid":{"rendered":"http:\/\/niozhhk.cluster028.hosting.ovh.net\/?page_id=3120"},"modified":"2024-07-25T09:43:15","modified_gmt":"2024-07-25T09:43:15","slug":"college","status":"publish","type":"page","link":"https:\/\/toubkal.ac.ma\/index.php\/college\/","title":{"rendered":"Coll\u00e8ge"},"content":{"rendered":"<div id=\"cmsmasters_row_lgmst81xg7\" class=\"cmsmasters_row cmsmasters_color_scheme_default cmsmasters_row_top_default cmsmasters_row_bot_default cmsmasters_row_boxed\">\n<div class=\"cmsmasters_row_outer_parent\">\n<div class=\"cmsmasters_row_outer\">\n<div class=\"cmsmasters_row_inner\">\n<div class=\"cmsmasters_row_margin\">\n<div id=\"cmsmasters_column_n7idelpru\" class=\"cmsmasters_column one_first\">\n<div class=\"cmsmasters_column_inner\"><\/div><\/div>\n<\/div>\n<\/div>\n<\/div>\n<\/div>\n<\/div>\n<div id=\"cmsmasters_row_sq57m8wvw\" class=\"cmsmasters_row cmsmasters_color_scheme_default cmsmasters_row_top_default cmsmasters_row_bot_default cmsmasters_row_boxed\">\n<div class=\"cmsmasters_row_outer_parent\">\n<div class=\"cmsmasters_row_outer\">\n<div class=\"cmsmasters_row_inner\">\n<div class=\"cmsmasters_row_margin\">\n<div id=\"cmsmasters_column_2490pqpm7e\" class=\"cmsmasters_column one_half\">\n<div class=\"cmsmasters_column_inner\"><div id=\"cmsmasters_heading_c7h7zszq1h\" class=\"cmsmasters_heading_wrap cmsmasters_heading_align_left\">\n\t<h4 class=\"cmsmasters_heading\">L\u2019\u00e9cole BELBACHIR<\/h4>\n<\/div><div class=\"cmsmasters_img  cmsmasters_image_l\"><img decoding=\"async\" src=\"https:\/\/toubkal.ac.ma\/wp-content\/uploads\/2019\/07\/cole-line-1.jpg\" alt=\"\u00e9cole-line-1\" \/><\/div><div class=\"cmsmasters_text\">\n<p><span style=\"font-weight: 400;\">Le coll\u00e8ge, phase charni\u00e8re entre le primaire et le qualifiant, constitue une \u00e9tape fondamentale de la scolarit\u00e9 des apprenant.e.s. Sa mission est double\u00a0: consolider les apprentissages du cycle primaire et faire acqu\u00e9rir les acquis\u00a0 n\u00e9cessaires (les pr\u00e9-requis) pour affronter les exigences du cycle qualifiant.<\/span><\/p>\n<p><span style=\"font-weight: 400;\">Vu l\u2019importance nodale de ce cycle, un environnement scolaire et p\u00e9dagogique\u00a0 stimulant est mis en place\u00a0: des enseignants hautement qualifi\u00e9s, un mat\u00e9riel didactique moderne et appropri\u00e9, des laboratoires bien \u00e9quip\u00e9s \u2026\u00a0<\/span><\/p>\n<p><span style=\"font-weight: 400;\">Toutes les chances sont mises du c\u00f4t\u00e9 de nos \u00e9l\u00e8ves pour un parcours passionnant et une r\u00e9ussite assur\u00e9e\u00a0!<\/span><\/p>\n<\/div>\n<\/div><\/div>\n<div id=\"cmsmasters_column_0qstex6yf\" class=\"cmsmasters_column one_half\">\n<div class=\"cmsmasters_column_inner\"><div class=\"cmsmasters_img  cmsmasters_image_n\"><img decoding=\"async\" src=\"https:\/\/toubkal.ac.ma\/wp-content\/uploads\/2022\/11\/nibrasse-college.jpg\" \/><\/div>\n<\/div><\/div>\n<\/div>\n<\/div>\n<\/div>\n<\/div>\n<\/div>\n\n","protected":false},"excerpt":{"rendered":"","protected":false},"author":1,"featured_media":0,"parent":0,"menu_order":0,"comment_status":"closed","ping_status":"closed","template":"","meta":{"footnotes":""},"class_list":["post-3120","page","type-page","status-publish","hentry"],"yoast_head":"<!-- This site is optimized with the Yoast SEO plugin v19.10 - https:\/\/yoast.com\/wordpress\/plugins\/seo\/ -->\n<title>Coll\u00e8ge - Toubkal<\/title>\n<meta name=\"robots\" content=\"index, follow, max-snippet:-1, max-image-preview:large, max-video-preview:-1\" \/>\n<link rel=\"canonical\" href=\"https:\/\/toubkal.ac.ma\/index.php\/college\/\" \/>\n<meta property=\"og:locale\" content=\"fr_FR\" \/>\n<meta property=\"og:type\" content=\"article\" \/>\n<meta property=\"og:title\" content=\"Coll\u00e8ge - Toubkal\" \/>\n<meta property=\"og:url\" content=\"https:\/\/toubkal.ac.ma\/index.php\/college\/\" \/>\n<meta property=\"og:site_name\" content=\"Toubkal\" \/>\n<meta property=\"article:modified_time\" content=\"2024-07-25T09:43:15+00:00\" \/>\n<meta name=\"twitter:card\" content=\"summary_large_image\" \/>\n<meta name=\"twitter:label1\" content=\"Dur\u00e9e de lecture estim\u00e9e\" \/>\n\t<meta name=\"twitter:data1\" content=\"2 minutes\" \/>\n<script type=\"application\/ld+json\" class=\"yoast-schema-graph\">{\"@context\":\"https:\/\/schema.org\",\"@graph\":[{\"@type\":\"WebPage\",\"@id\":\"https:\/\/toubkal.ac.ma\/index.php\/college\/\",\"url\":\"https:\/\/toubkal.ac.ma\/index.php\/college\/\",\"name\":\"Coll\u00e8ge - Toubkal\",\"isPartOf\":{\"@id\":\"https:\/\/toubkal.ac.ma\/#website\"},\"datePublished\":\"2022-11-10T14:49:07+00:00\",\"dateModified\":\"2024-07-25T09:43:15+00:00\",\"breadcrumb\":{\"@id\":\"https:\/\/toubkal.ac.ma\/index.php\/college\/#breadcrumb\"},\"inLanguage\":\"fr-FR\",\"potentialAction\":[{\"@type\":\"ReadAction\",\"target\":[\"https:\/\/toubkal.ac.ma\/index.php\/college\/\"]}]},{\"@type\":\"BreadcrumbList\",\"@id\":\"https:\/\/toubkal.ac.ma\/index.php\/college\/#breadcrumb\",\"itemListElement\":[{\"@type\":\"ListItem\",\"position\":1,\"name\":\"Home\",\"item\":\"https:\/\/toubkal.ac.ma\/\"},{\"@type\":\"ListItem\",\"position\":2,\"name\":\"Coll\u00e8ge\"}]},{\"@type\":\"WebSite\",\"@id\":\"https:\/\/toubkal.ac.ma\/#website\",\"url\":\"https:\/\/toubkal.ac.ma\/\",\"name\":\"Toubkal\",\"description\":\"Institution\",\"potentialAction\":[{\"@type\":\"SearchAction\",\"target\":{\"@type\":\"EntryPoint\",\"urlTemplate\":\"https:\/\/toubkal.ac.ma\/?s={search_term_string}\"},\"query-input\":\"required name=search_term_string\"}],\"inLanguage\":\"fr-FR\"}]}<\/script>\n<!-- \/ Yoast SEO plugin. -->","yoast_head_json":{"title":"Coll\u00e8ge - Toubkal","robots":{"index":"index","follow":"follow","max-snippet":"max-snippet:-1","max-image-preview":"max-image-preview:large","max-video-preview":"max-video-preview:-1"},"canonical":"https:\/\/toubkal.ac.ma\/index.php\/college\/","og_locale":"fr_FR","og_type":"article","og_title":"Coll\u00e8ge - Toubkal","og_url":"https:\/\/toubkal.ac.ma\/index.php\/college\/","og_site_name":"Toubkal","article_modified_time":"2024-07-25T09:43:15+00:00","twitter_card":"summary_large_image","twitter_misc":{"Dur\u00e9e de lecture estim\u00e9e":"2 minutes"},"schema":{"@context":"https:\/\/schema.org","@graph":[{"@type":"WebPage","@id":"https:\/\/toubkal.ac.ma\/index.php\/college\/","url":"https:\/\/toubkal.ac.ma\/index.php\/college\/","name":"Coll\u00e8ge - Toubkal","isPartOf":{"@id":"https:\/\/toubkal.ac.ma\/#website"},"datePublished":"2022-11-10T14:49:07+00:00","dateModified":"2024-07-25T09:43:15+00:00","breadcrumb":{"@id":"https:\/\/toubkal.ac.ma\/index.php\/college\/#breadcrumb"},"inLanguage":"fr-FR","potentialAction":[{"@type":"ReadAction","target":["https:\/\/toubkal.ac.ma\/index.php\/college\/"]}]},{"@type":"BreadcrumbList","@id":"https:\/\/toubkal.ac.ma\/index.php\/college\/#breadcrumb","itemListElement":[{"@type":"ListItem","position":1,"name":"Home","item":"https:\/\/toubkal.ac.ma\/"},{"@type":"ListItem","position":2,"name":"Coll\u00e8ge"}]},{"@type":"WebSite","@id":"https:\/\/toubkal.ac.ma\/#website","url":"https:\/\/toubkal.ac.ma\/","name":"Toubkal","description":"Institution","potentialAction":[{"@type":"SearchAction","target":{"@type":"EntryPoint","urlTemplate":"https:\/\/toubkal.ac.ma\/?s={search_term_string}"},"query-input":"required name=search_term_string"}],"inLanguage":"fr-FR"}]}},"_links":{"self":[{"href":"https:\/\/toubkal.ac.ma\/index.php\/wp-json\/wp\/v2\/pages\/3120","targetHints":{"allow":["GET"]}}],"collection":[{"href":"https:\/\/toubkal.ac.ma\/index.php\/wp-json\/wp\/v2\/pages"}],"about":[{"href":"https:\/\/toubkal.ac.ma\/index.php\/wp-json\/wp\/v2\/types\/page"}],"author":[{"embeddable":true,"href":"https:\/\/toubkal.ac.ma\/index.php\/wp-json\/wp\/v2\/users\/1"}],"replies":[{"embeddable":true,"href":"https:\/\/toubkal.ac.ma\/index.php\/wp-json\/wp\/v2\/comments?post=3120"}],"version-history":[{"count":9,"href":"https:\/\/toubkal.ac.ma\/index.php\/wp-json\/wp\/v2\/pages\/3120\/revisions"}],"predecessor-version":[{"id":3358,"href":"https:\/\/toubkal.ac.ma\/index.php\/wp-json\/wp\/v2\/pages\/3120\/revisions\/3358"}],"wp:attachment":[{"href":"https:\/\/toubkal.ac.ma\/index.php\/wp-json\/wp\/v2\/media?parent=3120"}],"curies":[{"name":"wp","href":"https:\/\/api.w.org\/{rel}","templated":true}]}}