{"id":3119,"date":"2022-11-10T14:46:43","date_gmt":"2022-11-10T14:46:43","guid":{"rendered":"http:\/\/niozhhk.cluster028.hosting.ovh.net\/?page_id=3119"},"modified":"2024-07-25T09:44:48","modified_gmt":"2024-07-25T09:44:48","slug":"lycee","status":"publish","type":"page","link":"https:\/\/toubkal.ac.ma\/index.php\/lycee\/","title":{"rendered":"Lyc\u00e9e"},"content":{"rendered":"<div id=\"cmsmasters_row_lgmst81xg7\" class=\"cmsmasters_row cmsmasters_color_scheme_default cmsmasters_row_top_default cmsmasters_row_bot_default cmsmasters_row_boxed\">\n<div class=\"cmsmasters_row_outer_parent\">\n<div class=\"cmsmasters_row_outer\">\n<div class=\"cmsmasters_row_inner\">\n<div class=\"cmsmasters_row_margin\">\n<div id=\"cmsmasters_column_n7idelpru\" class=\"cmsmasters_column one_first\">\n<div class=\"cmsmasters_column_inner\"><\/div><\/div>\n<\/div>\n<\/div>\n<\/div>\n<\/div>\n<\/div>\n<div id=\"cmsmasters_row_sq57m8wvw\" class=\"cmsmasters_row cmsmasters_color_scheme_default cmsmasters_row_top_default cmsmasters_row_bot_default cmsmasters_row_boxed\">\n<div class=\"cmsmasters_row_outer_parent\">\n<div class=\"cmsmasters_row_outer\">\n<div class=\"cmsmasters_row_inner\">\n<div class=\"cmsmasters_row_margin\">\n<div id=\"cmsmasters_column_2490pqpm7e\" class=\"cmsmasters_column one_half\">\n<div class=\"cmsmasters_column_inner\"><div id=\"cmsmasters_heading_c7h7zszq1h\" class=\"cmsmasters_heading_wrap cmsmasters_heading_align_left\">\n\t<h4 class=\"cmsmasters_heading\">L\u2019\u00e9cole BELBACHIR<\/h4>\n<\/div><div class=\"cmsmasters_img  cmsmasters_image_l\"><img decoding=\"async\" src=\"https:\/\/toubkal.ac.ma\/wp-content\/uploads\/2019\/07\/cole-line-1.jpg\" alt=\"\u00e9cole-line-1\" \/><\/div><div class=\"cmsmasters_text\">\n<p><span style=\"font-weight: 400;\">Les fili\u00e8res d\u2019excellence sont mises en place pour permettre \u00e0 nos lyc\u00e9ens de concr\u00e9tiser leurs projets de vie. Dans une d\u00e9marche \u00e0 la fois studieuse et d\u00e9tendue, les jeunes lyc\u00e9ens disposent de tous les moyens requis pour affermir leurs connaissances et d\u00e9velopper leurs comp\u00e9tences. Une importance particuli\u00e8re est octroy\u00e9e aux comp\u00e9tences douces dites \u00ab\u00a0soft skills\u00a0\u00bb\u00a0: confiance en soi, esprit critique, cr\u00e9ativit\u00e9 et imagination, responsabilit\u00e9 et capacit\u00e9 d\u2019adaptation \u2026, incontournables \u00e0 ce stade de la vie pour permettre aux jeunes bacheliers de s\u2019int\u00e9grer dans un projet professionnel ou universitaire et s\u2019adapter \u00e0 ses changements \u2026<\/span><\/p>\n<p><span style=\"font-weight: 400;\">Ainsi, au terme de cette \u00e9tape cruciale de leur scolarit\u00e9, nos \u00e9l\u00e8ves, savamment accompagn\u00e9s et efficacement encadr\u00e9s, seront suffisamment arm\u00e9s pour affirmer leur personnalit\u00e9, pour faire des choix \u00e9clair\u00e9s et pour affronter la r\u00e9alit\u00e9 complexe de la vie\u00a0!<\/span><\/p>\n<\/div>\n<\/div><\/div>\n<div id=\"cmsmasters_column_0qstex6yf\" class=\"cmsmasters_column one_half\">\n<div class=\"cmsmasters_column_inner\"><div class=\"cmsmasters_img  cmsmasters_image_n\"><img decoding=\"async\" src=\"https:\/\/toubkal.ac.ma\/wp-content\/uploads\/2022\/11\/nibrasse-lycee.jpg\" \/><\/div>\n<\/div><\/div>\n<\/div>\n<\/div>\n<\/div>\n<\/div>\n<\/div>\n\n","protected":false},"excerpt":{"rendered":"","protected":false},"author":1,"featured_media":0,"parent":0,"menu_order":0,"comment_status":"closed","ping_status":"closed","template":"","meta":{"footnotes":""},"class_list":["post-3119","page","type-page","status-publish","hentry"],"yoast_head":"<!-- This site is optimized with the Yoast SEO plugin v19.10 - https:\/\/yoast.com\/wordpress\/plugins\/seo\/ -->\n<title>Lyc\u00e9e - Toubkal<\/title>\n<meta name=\"robots\" content=\"index, follow, max-snippet:-1, max-image-preview:large, max-video-preview:-1\" \/>\n<link rel=\"canonical\" href=\"https:\/\/toubkal.ac.ma\/index.php\/lycee\/\" \/>\n<meta property=\"og:locale\" content=\"fr_FR\" \/>\n<meta property=\"og:type\" content=\"article\" \/>\n<meta property=\"og:title\" content=\"Lyc\u00e9e - Toubkal\" \/>\n<meta property=\"og:url\" content=\"https:\/\/toubkal.ac.ma\/index.php\/lycee\/\" \/>\n<meta property=\"og:site_name\" content=\"Toubkal\" \/>\n<meta property=\"article:modified_time\" content=\"2024-07-25T09:44:48+00:00\" \/>\n<meta name=\"twitter:card\" content=\"summary_large_image\" \/>\n<meta name=\"twitter:label1\" content=\"Dur\u00e9e de lecture estim\u00e9e\" \/>\n\t<meta name=\"twitter:data1\" content=\"2 minutes\" \/>\n<script type=\"application\/ld+json\" class=\"yoast-schema-graph\">{\"@context\":\"https:\/\/schema.org\",\"@graph\":[{\"@type\":\"WebPage\",\"@id\":\"https:\/\/toubkal.ac.ma\/index.php\/lycee\/\",\"url\":\"https:\/\/toubkal.ac.ma\/index.php\/lycee\/\",\"name\":\"Lyc\u00e9e - Toubkal\",\"isPartOf\":{\"@id\":\"https:\/\/toubkal.ac.ma\/#website\"},\"datePublished\":\"2022-11-10T14:46:43+00:00\",\"dateModified\":\"2024-07-25T09:44:48+00:00\",\"breadcrumb\":{\"@id\":\"https:\/\/toubkal.ac.ma\/index.php\/lycee\/#breadcrumb\"},\"inLanguage\":\"fr-FR\",\"potentialAction\":[{\"@type\":\"ReadAction\",\"target\":[\"https:\/\/toubkal.ac.ma\/index.php\/lycee\/\"]}]},{\"@type\":\"BreadcrumbList\",\"@id\":\"https:\/\/toubkal.ac.ma\/index.php\/lycee\/#breadcrumb\",\"itemListElement\":[{\"@type\":\"ListItem\",\"position\":1,\"name\":\"Home\",\"item\":\"https:\/\/toubkal.ac.ma\/\"},{\"@type\":\"ListItem\",\"position\":2,\"name\":\"Lyc\u00e9e\"}]},{\"@type\":\"WebSite\",\"@id\":\"https:\/\/toubkal.ac.ma\/#website\",\"url\":\"https:\/\/toubkal.ac.ma\/\",\"name\":\"Toubkal\",\"description\":\"Institution\",\"potentialAction\":[{\"@type\":\"SearchAction\",\"target\":{\"@type\":\"EntryPoint\",\"urlTemplate\":\"https:\/\/toubkal.ac.ma\/?s={search_term_string}\"},\"query-input\":\"required name=search_term_string\"}],\"inLanguage\":\"fr-FR\"}]}<\/script>\n<!-- \/ Yoast SEO plugin. -->","yoast_head_json":{"title":"Lyc\u00e9e - Toubkal","robots":{"index":"index","follow":"follow","max-snippet":"max-snippet:-1","max-image-preview":"max-image-preview:large","max-video-preview":"max-video-preview:-1"},"canonical":"https:\/\/toubkal.ac.ma\/index.php\/lycee\/","og_locale":"fr_FR","og_type":"article","og_title":"Lyc\u00e9e - Toubkal","og_url":"https:\/\/toubkal.ac.ma\/index.php\/lycee\/","og_site_name":"Toubkal","article_modified_time":"2024-07-25T09:44:48+00:00","twitter_card":"summary_large_image","twitter_misc":{"Dur\u00e9e de lecture estim\u00e9e":"2 minutes"},"schema":{"@context":"https:\/\/schema.org","@graph":[{"@type":"WebPage","@id":"https:\/\/toubkal.ac.ma\/index.php\/lycee\/","url":"https:\/\/toubkal.ac.ma\/index.php\/lycee\/","name":"Lyc\u00e9e - Toubkal","isPartOf":{"@id":"https:\/\/toubkal.ac.ma\/#website"},"datePublished":"2022-11-10T14:46:43+00:00","dateModified":"2024-07-25T09:44:48+00:00","breadcrumb":{"@id":"https:\/\/toubkal.ac.ma\/index.php\/lycee\/#breadcrumb"},"inLanguage":"fr-FR","potentialAction":[{"@type":"ReadAction","target":["https:\/\/toubkal.ac.ma\/index.php\/lycee\/"]}]},{"@type":"BreadcrumbList","@id":"https:\/\/toubkal.ac.ma\/index.php\/lycee\/#breadcrumb","itemListElement":[{"@type":"ListItem","position":1,"name":"Home","item":"https:\/\/toubkal.ac.ma\/"},{"@type":"ListItem","position":2,"name":"Lyc\u00e9e"}]},{"@type":"WebSite","@id":"https:\/\/toubkal.ac.ma\/#website","url":"https:\/\/toubkal.ac.ma\/","name":"Toubkal","description":"Institution","potentialAction":[{"@type":"SearchAction","target":{"@type":"EntryPoint","urlTemplate":"https:\/\/toubkal.ac.ma\/?s={search_term_string}"},"query-input":"required name=search_term_string"}],"inLanguage":"fr-FR"}]}},"_links":{"self":[{"href":"https:\/\/toubkal.ac.ma\/index.php\/wp-json\/wp\/v2\/pages\/3119","targetHints":{"allow":["GET"]}}],"collection":[{"href":"https:\/\/toubkal.ac.ma\/index.php\/wp-json\/wp\/v2\/pages"}],"about":[{"href":"https:\/\/toubkal.ac.ma\/index.php\/wp-json\/wp\/v2\/types\/page"}],"author":[{"embeddable":true,"href":"https:\/\/toubkal.ac.ma\/index.php\/wp-json\/wp\/v2\/users\/1"}],"replies":[{"embeddable":true,"href":"https:\/\/toubkal.ac.ma\/index.php\/wp-json\/wp\/v2\/comments?post=3119"}],"version-history":[{"count":7,"href":"https:\/\/toubkal.ac.ma\/index.php\/wp-json\/wp\/v2\/pages\/3119\/revisions"}],"predecessor-version":[{"id":3360,"href":"https:\/\/toubkal.ac.ma\/index.php\/wp-json\/wp\/v2\/pages\/3119\/revisions\/3360"}],"wp:attachment":[{"href":"https:\/\/toubkal.ac.ma\/index.php\/wp-json\/wp\/v2\/media?parent=3119"}],"curies":[{"name":"wp","href":"https:\/\/api.w.org\/{rel}","templated":true}]}}