{"id":3098,"date":"2022-11-10T12:27:36","date_gmt":"2022-11-10T12:27:36","guid":{"rendered":"http:\/\/niozhhk.cluster028.hosting.ovh.net\/?page_id=3098"},"modified":"2025-03-05T11:56:11","modified_gmt":"2025-03-05T11:56:11","slug":"primaire","status":"publish","type":"page","link":"https:\/\/toubkal.ac.ma\/index.php\/primaire\/","title":{"rendered":"Primaire"},"content":{"rendered":"<div id=\"cmsmasters_row_lgmst81xg7\" class=\"cmsmasters_row cmsmasters_color_scheme_default cmsmasters_row_top_default cmsmasters_row_bot_default cmsmasters_row_boxed\">\n<div class=\"cmsmasters_row_outer_parent\">\n<div class=\"cmsmasters_row_outer\">\n<div class=\"cmsmasters_row_inner\">\n<div class=\"cmsmasters_row_margin\">\n<div id=\"cmsmasters_column_n7idelpru\" class=\"cmsmasters_column one_first\">\n<div class=\"cmsmasters_column_inner\"><div id=\"cmsmasters_heading_c7h7zszq1h\" class=\"cmsmasters_heading_wrap cmsmasters_heading_align_left\">\n\t<h4 class=\"cmsmasters_heading\">Pour lib\u00e9rer le potentiel de l\u2019enfant <\/h4>\n<\/div>\n<\/div><\/div>\n<\/div>\n<\/div>\n<\/div>\n<\/div>\n<\/div>\n<div id=\"cmsmasters_row_sq57m8wvw\" class=\"cmsmasters_row cmsmasters_color_scheme_default cmsmasters_row_top_default cmsmasters_row_bot_default cmsmasters_row_boxed\">\n<div class=\"cmsmasters_row_outer_parent\">\n<div class=\"cmsmasters_row_outer\">\n<div class=\"cmsmasters_row_inner\">\n<div class=\"cmsmasters_row_margin\">\n<div id=\"cmsmasters_column_2490pqpm7e\" class=\"cmsmasters_column one_first\">\n<div class=\"cmsmasters_column_inner\"><div class=\"cmsmasters_text\">\n<p><img loading=\"lazy\" decoding=\"async\" class=\" wp-image-3684 alignright\" src=\"https:\/\/toubkal.ac.ma\/wp-content\/uploads\/2025\/02\/class.jpg\" alt=\"\" width=\"584\" height=\"389\" srcset=\"https:\/\/toubkal.ac.ma\/wp-content\/uploads\/2025\/02\/class.jpg 800w, https:\/\/toubkal.ac.ma\/wp-content\/uploads\/2025\/02\/class-300x200.jpg 300w, https:\/\/toubkal.ac.ma\/wp-content\/uploads\/2025\/02\/class-768x512.jpg 768w\" sizes=\"auto, (max-width: 584px) 100vw, 584px\" \/>Depuis sa cr\u00e9ation en 2002, l\u2019Institution Toubkal s\u2019est positionn\u00e9e comme l\u2019\u00e9cole des valeurs par excellence, elle a instaur\u00e9 un socle solide de comp\u00e9tences, con\u00e7u pour offrir un enseignement de qualit\u00e9, favorisant le d\u00e9veloppement int\u00e9gral des \u00e9l\u00e8ves et l\u2019\u00e9panouissement de leur potentiel, \u00e0 travers:<\/p>\n<ul>\n<li>La construction des valeurs citoyennes, permettant \u00e0 nos enfants de forger une personnalit\u00e9 forte, autonome et \u00e9quilibr\u00e9e.<\/li>\n<li>La diversification th\u00e9matique pour une ouverture et un enrichissement culturel.<\/li>\n<li>L\u2019approfondissement de la pens\u00e9e math\u00e9matique et scientifique.<\/li>\n<li>La ma\u00eetrise des langues arabe et fran\u00e7aises.<\/li>\n<li>L\u2019inclusion des moyens de communication universels, l\u2019anglais et l\u2019informatique.<\/li>\n<li>La promotion des nouvelles technologies afin d\u2019\u00e9largir les horizons des apprenants.<\/li>\n<li>L\u2019int\u00e9gration d\u2019activit\u00e9s p\u00e9dagogiques, artistiques et culturelles telles que\u00a0:<\/li>\n<li>les sorties p\u00e9dagogiques pour attiser la curiosit\u00e9 et l\u2019esprit de d\u00e9couverte.<\/li>\n<li>la c\u00e9l\u00e9bration d\u2019\u00e9v\u00e8nements religieux et nationaux pour ancrer notre identit\u00e9 religieuse et patriotique.<\/li>\n<li>l\u2019organisation de spectacles de chants et pi\u00e8ces de th\u00e9\u00e2tre pour enrichir l\u2019exp\u00e9rience artistique et la prise de parole en public.<\/li>\n<li>l\u2019animation de journ\u00e9es mondiales pour \u00e9largir la culture g\u00e9n\u00e9rale de nos enfants.\n<p style=\"text-align: justify;\">Ces projets englobent des activit\u00e9s p\u00e9dagogiques, artistiques et culturelles tout au long de l\u2019ann\u00e9e\u00a0:<\/p>\n<ul>\n<li>Les sorties p\u00e9dagogiques pour attiser la curiosit\u00e9 et l\u2019esprit de d\u00e9couverte.<\/li>\n<li>La c\u00e9l\u00e9bration d\u2019\u00e9v\u00e8nements religieux et nationaux pour ancrer notre identit\u00e9 religieuse et patriotique.<\/li>\n<li>L\u2019organisation de spectacles de chants et pi\u00e8ces de th\u00e9\u00e2tre pour enrichir l\u2019exp\u00e9rience artistique et la prise de parole en public.<\/li>\n<li>L\u2019animation de journ\u00e9es mondiales pour \u00e9largir la culture g\u00e9n\u00e9rale de nos enfants<\/li>\n<\/ul>\n<\/li>\n<\/ul>\n<\/div>\n<\/div><\/div>\n<\/div>\n<\/div>\n<\/div>\n<\/div>\n<\/div>\n\n","protected":false},"excerpt":{"rendered":"","protected":false},"author":1,"featured_media":0,"parent":0,"menu_order":0,"comment_status":"closed","ping_status":"closed","template":"","meta":{"footnotes":""},"class_list":["post-3098","page","type-page","status-publish","hentry"],"yoast_head":"<!-- This site is optimized with the Yoast SEO plugin v19.10 - https:\/\/yoast.com\/wordpress\/plugins\/seo\/ -->\n<title>Primaire - Toubkal<\/title>\n<meta name=\"robots\" content=\"index, follow, max-snippet:-1, max-image-preview:large, max-video-preview:-1\" \/>\n<link rel=\"canonical\" href=\"https:\/\/toubkal.ac.ma\/index.php\/primaire\/\" \/>\n<meta property=\"og:locale\" content=\"fr_FR\" \/>\n<meta property=\"og:type\" content=\"article\" \/>\n<meta property=\"og:title\" content=\"Primaire - Toubkal\" \/>\n<meta property=\"og:url\" content=\"https:\/\/toubkal.ac.ma\/index.php\/primaire\/\" \/>\n<meta property=\"og:site_name\" content=\"Toubkal\" \/>\n<meta property=\"article:modified_time\" content=\"2025-03-05T11:56:11+00:00\" \/>\n<meta property=\"og:image\" content=\"https:\/\/toubkal.ac.ma\/wp-content\/uploads\/2025\/02\/class.jpg\" \/>\n<meta name=\"twitter:card\" content=\"summary_large_image\" \/>\n<meta name=\"twitter:label1\" content=\"Dur\u00e9e de lecture estim\u00e9e\" \/>\n\t<meta name=\"twitter:data1\" content=\"3 minutes\" \/>\n<script type=\"application\/ld+json\" class=\"yoast-schema-graph\">{\"@context\":\"https:\/\/schema.org\",\"@graph\":[{\"@type\":\"WebPage\",\"@id\":\"https:\/\/toubkal.ac.ma\/index.php\/primaire\/\",\"url\":\"https:\/\/toubkal.ac.ma\/index.php\/primaire\/\",\"name\":\"Primaire - Toubkal\",\"isPartOf\":{\"@id\":\"https:\/\/toubkal.ac.ma\/#website\"},\"datePublished\":\"2022-11-10T12:27:36+00:00\",\"dateModified\":\"2025-03-05T11:56:11+00:00\",\"breadcrumb\":{\"@id\":\"https:\/\/toubkal.ac.ma\/index.php\/primaire\/#breadcrumb\"},\"inLanguage\":\"fr-FR\",\"potentialAction\":[{\"@type\":\"ReadAction\",\"target\":[\"https:\/\/toubkal.ac.ma\/index.php\/primaire\/\"]}]},{\"@type\":\"BreadcrumbList\",\"@id\":\"https:\/\/toubkal.ac.ma\/index.php\/primaire\/#breadcrumb\",\"itemListElement\":[{\"@type\":\"ListItem\",\"position\":1,\"name\":\"Home\",\"item\":\"https:\/\/toubkal.ac.ma\/\"},{\"@type\":\"ListItem\",\"position\":2,\"name\":\"Primaire\"}]},{\"@type\":\"WebSite\",\"@id\":\"https:\/\/toubkal.ac.ma\/#website\",\"url\":\"https:\/\/toubkal.ac.ma\/\",\"name\":\"Toubkal\",\"description\":\"Institution\",\"potentialAction\":[{\"@type\":\"SearchAction\",\"target\":{\"@type\":\"EntryPoint\",\"urlTemplate\":\"https:\/\/toubkal.ac.ma\/?s={search_term_string}\"},\"query-input\":\"required name=search_term_string\"}],\"inLanguage\":\"fr-FR\"}]}<\/script>\n<!-- \/ Yoast SEO plugin. -->","yoast_head_json":{"title":"Primaire - Toubkal","robots":{"index":"index","follow":"follow","max-snippet":"max-snippet:-1","max-image-preview":"max-image-preview:large","max-video-preview":"max-video-preview:-1"},"canonical":"https:\/\/toubkal.ac.ma\/index.php\/primaire\/","og_locale":"fr_FR","og_type":"article","og_title":"Primaire - Toubkal","og_url":"https:\/\/toubkal.ac.ma\/index.php\/primaire\/","og_site_name":"Toubkal","article_modified_time":"2025-03-05T11:56:11+00:00","og_image":[{"url":"https:\/\/toubkal.ac.ma\/wp-content\/uploads\/2025\/02\/class.jpg"}],"twitter_card":"summary_large_image","twitter_misc":{"Dur\u00e9e de lecture estim\u00e9e":"3 minutes"},"schema":{"@context":"https:\/\/schema.org","@graph":[{"@type":"WebPage","@id":"https:\/\/toubkal.ac.ma\/index.php\/primaire\/","url":"https:\/\/toubkal.ac.ma\/index.php\/primaire\/","name":"Primaire - Toubkal","isPartOf":{"@id":"https:\/\/toubkal.ac.ma\/#website"},"datePublished":"2022-11-10T12:27:36+00:00","dateModified":"2025-03-05T11:56:11+00:00","breadcrumb":{"@id":"https:\/\/toubkal.ac.ma\/index.php\/primaire\/#breadcrumb"},"inLanguage":"fr-FR","potentialAction":[{"@type":"ReadAction","target":["https:\/\/toubkal.ac.ma\/index.php\/primaire\/"]}]},{"@type":"BreadcrumbList","@id":"https:\/\/toubkal.ac.ma\/index.php\/primaire\/#breadcrumb","itemListElement":[{"@type":"ListItem","position":1,"name":"Home","item":"https:\/\/toubkal.ac.ma\/"},{"@type":"ListItem","position":2,"name":"Primaire"}]},{"@type":"WebSite","@id":"https:\/\/toubkal.ac.ma\/#website","url":"https:\/\/toubkal.ac.ma\/","name":"Toubkal","description":"Institution","potentialAction":[{"@type":"SearchAction","target":{"@type":"EntryPoint","urlTemplate":"https:\/\/toubkal.ac.ma\/?s={search_term_string}"},"query-input":"required name=search_term_string"}],"inLanguage":"fr-FR"}]}},"_links":{"self":[{"href":"https:\/\/toubkal.ac.ma\/index.php\/wp-json\/wp\/v2\/pages\/3098","targetHints":{"allow":["GET"]}}],"collection":[{"href":"https:\/\/toubkal.ac.ma\/index.php\/wp-json\/wp\/v2\/pages"}],"about":[{"href":"https:\/\/toubkal.ac.ma\/index.php\/wp-json\/wp\/v2\/types\/page"}],"author":[{"embeddable":true,"href":"https:\/\/toubkal.ac.ma\/index.php\/wp-json\/wp\/v2\/users\/1"}],"replies":[{"embeddable":true,"href":"https:\/\/toubkal.ac.ma\/index.php\/wp-json\/wp\/v2\/comments?post=3098"}],"version-history":[{"count":19,"href":"https:\/\/toubkal.ac.ma\/index.php\/wp-json\/wp\/v2\/pages\/3098\/revisions"}],"predecessor-version":[{"id":3953,"href":"https:\/\/toubkal.ac.ma\/index.php\/wp-json\/wp\/v2\/pages\/3098\/revisions\/3953"}],"wp:attachment":[{"href":"https:\/\/toubkal.ac.ma\/index.php\/wp-json\/wp\/v2\/media?parent=3098"}],"curies":[{"name":"wp","href":"https:\/\/api.w.org\/{rel}","templated":true}]}}