{"id":3097,"date":"2022-11-10T12:27:35","date_gmt":"2022-11-10T12:27:35","guid":{"rendered":"http:\/\/niozhhk.cluster028.hosting.ovh.net\/?page_id=3097"},"modified":"2025-03-05T11:59:36","modified_gmt":"2025-03-05T11:59:36","slug":"le-prescolaire","status":"publish","type":"page","link":"https:\/\/toubkal.ac.ma\/index.php\/le-prescolaire\/","title":{"rendered":"Le pr\u00e9scolaire\u00a0"},"content":{"rendered":"<div id=\"cmsmasters_row_lgmst81xg7\" class=\"cmsmasters_row cmsmasters_color_scheme_default cmsmasters_row_top_default cmsmasters_row_bot_default cmsmasters_row_boxed\">\n<div class=\"cmsmasters_row_outer_parent\">\n<div class=\"cmsmasters_row_outer\">\n<div class=\"cmsmasters_row_inner\">\n<div class=\"cmsmasters_row_margin\">\n<div id=\"cmsmasters_column_n7idelpru\" class=\"cmsmasters_column one_first\">\n<div class=\"cmsmasters_column_inner\"><div id=\"cmsmasters_heading_c7h7zszq1h\" class=\"cmsmasters_heading_wrap cmsmasters_heading_align_left\">\n\t<h4 class=\"cmsmasters_heading\">Pour le plaisir d\u2019apprendre<\/h4>\n<\/div>\n<\/div><\/div>\n<\/div>\n<\/div>\n<\/div>\n<\/div>\n<\/div>\n<div id=\"cmsmasters_row_sq57m8wvw\" class=\"cmsmasters_row cmsmasters_color_scheme_default cmsmasters_row_top_default cmsmasters_row_bot_default cmsmasters_row_boxed\">\n<div class=\"cmsmasters_row_outer_parent\">\n<div class=\"cmsmasters_row_outer\">\n<div class=\"cmsmasters_row_inner\">\n<div class=\"cmsmasters_row_margin\">\n<div id=\"cmsmasters_column_2490pqpm7e\" class=\"cmsmasters_column one_first\">\n<div class=\"cmsmasters_column_inner\"><div class=\"cmsmasters_text text-align: justify;\">\n<p><img loading=\"lazy\" decoding=\"async\" class=\" wp-image-3673 alignright\" src=\"https:\/\/toubkal.ac.ma\/wp-content\/uploads\/2025\/02\/04.jpg\" alt=\"\" width=\"551\" height=\"367\" srcset=\"https:\/\/toubkal.ac.ma\/wp-content\/uploads\/2025\/02\/04.jpg 800w, https:\/\/toubkal.ac.ma\/wp-content\/uploads\/2025\/02\/04-300x200.jpg 300w, https:\/\/toubkal.ac.ma\/wp-content\/uploads\/2025\/02\/04-768x512.jpg 768w\" sizes=\"auto, (max-width: 551px) 100vw, 551px\" \/>Le plaisir d\u2019apprendre au pr\u00e9scolaire se fait gr\u00e2ce \u00e0 un environnement ad\u00e9quat permettant \u00e0 nos enfants d\u2019int\u00e9grer les savoirs et de s\u2019int\u00e9grer pleinement dans leur soci\u00e9t\u00e9.<\/p>\n<p>Pour assurer un apprentissage ludique, notre programme est \u00e9tay\u00e9 par la mise en place\u00a0\u00a0\u00a0 de projets th\u00e9matiques en vue de r\u00e9investir les acquis et approfondir les apprentissages des valeurs qui nous identifient via des activit\u00e9s p\u00e9dagogiques, artistiques et culturelles\u00a0:<\/p>\n<ul>\n<li>L\u2019acquisition des valeurs et du savoir vivre ensemble gr\u00e2ce aux histoires, contes et th\u00e9\u00e2tre<\/li>\n<li>Le d\u00e9veloppement l\u2019\u00e9quilibre psychomoteur par les jeux corporels et la maitrise du geste graphique.<\/li>\n<li>L\u2019enrichissement du langage par les chants, les histoires et la prise de parole en public pour l\u2019approfondissement des langues enseign\u00e9es (arabe et fran\u00e7ais) et initiation \u00e0 la langue anglaise.<\/li>\n<li>L\u2019\u00e9panouissement culturel avec la c\u00e9l\u00e9bration des \u00e9v\u00e8nements religieux, nationaux et journ\u00e9es internationales ainsi que l\u2019organisation de plusieurs sorties p\u00e9dagogiques.<\/li>\n<li>L\u2019affirmation de soi \u00e0 travers des activit\u00e9s artistiques et la diversit\u00e9 de leurs techniques.<\/li>\n<\/ul>\n<p style=\"text-align: justify;\">La compr\u00e9hension et l\u2019exploration du monde qui les entoure via des activit\u00e9s de d\u00e9couverte scientifiques et d\u2019ateliers de jeux math\u00e9matiques pour bien construire leur logique et leur esprit scientifique.<\/p>\n<p style=\"text-align: justify;\">Pour assurer un apprentissage ludique, notre programme est \u00e9tay\u00e9 par la mise en place\u00a0\u00a0\u00a0 de projets th\u00e9matiques en vue de s\u2019ouvrir au monde qui nous entoure, r\u00e9investir les acquis et approfondir les apprentissages des valeurs qui nous identifient. Ces projets englobent des activit\u00e9s p\u00e9dagogiques, artistiques et culturelles tout au long de l\u2019ann\u00e9e.<\/p>\n<\/div>\n<\/div><\/div>\n<\/div>\n<\/div>\n<\/div>\n<\/div>\n<\/div>\n\n","protected":false},"excerpt":{"rendered":"","protected":false},"author":1,"featured_media":0,"parent":0,"menu_order":0,"comment_status":"closed","ping_status":"closed","template":"","meta":{"footnotes":""},"class_list":["post-3097","page","type-page","status-publish","hentry"],"yoast_head":"<!-- This site is optimized with the Yoast SEO plugin v19.10 - https:\/\/yoast.com\/wordpress\/plugins\/seo\/ -->\n<title>Le pr\u00e9scolaire\u00a0 - Toubkal<\/title>\n<meta name=\"robots\" content=\"index, follow, max-snippet:-1, max-image-preview:large, max-video-preview:-1\" \/>\n<link rel=\"canonical\" href=\"https:\/\/toubkal.ac.ma\/index.php\/le-prescolaire\/\" \/>\n<meta property=\"og:locale\" content=\"fr_FR\" \/>\n<meta property=\"og:type\" content=\"article\" \/>\n<meta property=\"og:title\" content=\"Le pr\u00e9scolaire\u00a0 - Toubkal\" \/>\n<meta property=\"og:url\" content=\"https:\/\/toubkal.ac.ma\/index.php\/le-prescolaire\/\" \/>\n<meta property=\"og:site_name\" content=\"Toubkal\" \/>\n<meta property=\"article:modified_time\" content=\"2025-03-05T11:59:36+00:00\" \/>\n<meta property=\"og:image\" content=\"https:\/\/toubkal.ac.ma\/wp-content\/uploads\/2025\/02\/04.jpg\" \/>\n<meta name=\"twitter:card\" content=\"summary_large_image\" \/>\n<meta name=\"twitter:label1\" content=\"Dur\u00e9e de lecture estim\u00e9e\" \/>\n\t<meta name=\"twitter:data1\" content=\"3 minutes\" \/>\n<script type=\"application\/ld+json\" class=\"yoast-schema-graph\">{\"@context\":\"https:\/\/schema.org\",\"@graph\":[{\"@type\":\"WebPage\",\"@id\":\"https:\/\/toubkal.ac.ma\/index.php\/le-prescolaire\/\",\"url\":\"https:\/\/toubkal.ac.ma\/index.php\/le-prescolaire\/\",\"name\":\"Le pr\u00e9scolaire\u00a0 - Toubkal\",\"isPartOf\":{\"@id\":\"https:\/\/toubkal.ac.ma\/#website\"},\"datePublished\":\"2022-11-10T12:27:35+00:00\",\"dateModified\":\"2025-03-05T11:59:36+00:00\",\"breadcrumb\":{\"@id\":\"https:\/\/toubkal.ac.ma\/index.php\/le-prescolaire\/#breadcrumb\"},\"inLanguage\":\"fr-FR\",\"potentialAction\":[{\"@type\":\"ReadAction\",\"target\":[\"https:\/\/toubkal.ac.ma\/index.php\/le-prescolaire\/\"]}]},{\"@type\":\"BreadcrumbList\",\"@id\":\"https:\/\/toubkal.ac.ma\/index.php\/le-prescolaire\/#breadcrumb\",\"itemListElement\":[{\"@type\":\"ListItem\",\"position\":1,\"name\":\"Home\",\"item\":\"https:\/\/toubkal.ac.ma\/\"},{\"@type\":\"ListItem\",\"position\":2,\"name\":\"Le pr\u00e9scolaire\u00a0\"}]},{\"@type\":\"WebSite\",\"@id\":\"https:\/\/toubkal.ac.ma\/#website\",\"url\":\"https:\/\/toubkal.ac.ma\/\",\"name\":\"Toubkal\",\"description\":\"Institution\",\"potentialAction\":[{\"@type\":\"SearchAction\",\"target\":{\"@type\":\"EntryPoint\",\"urlTemplate\":\"https:\/\/toubkal.ac.ma\/?s={search_term_string}\"},\"query-input\":\"required name=search_term_string\"}],\"inLanguage\":\"fr-FR\"}]}<\/script>\n<!-- \/ Yoast SEO plugin. -->","yoast_head_json":{"title":"Le pr\u00e9scolaire\u00a0 - Toubkal","robots":{"index":"index","follow":"follow","max-snippet":"max-snippet:-1","max-image-preview":"max-image-preview:large","max-video-preview":"max-video-preview:-1"},"canonical":"https:\/\/toubkal.ac.ma\/index.php\/le-prescolaire\/","og_locale":"fr_FR","og_type":"article","og_title":"Le pr\u00e9scolaire\u00a0 - Toubkal","og_url":"https:\/\/toubkal.ac.ma\/index.php\/le-prescolaire\/","og_site_name":"Toubkal","article_modified_time":"2025-03-05T11:59:36+00:00","og_image":[{"url":"https:\/\/toubkal.ac.ma\/wp-content\/uploads\/2025\/02\/04.jpg"}],"twitter_card":"summary_large_image","twitter_misc":{"Dur\u00e9e de lecture estim\u00e9e":"3 minutes"},"schema":{"@context":"https:\/\/schema.org","@graph":[{"@type":"WebPage","@id":"https:\/\/toubkal.ac.ma\/index.php\/le-prescolaire\/","url":"https:\/\/toubkal.ac.ma\/index.php\/le-prescolaire\/","name":"Le pr\u00e9scolaire\u00a0 - Toubkal","isPartOf":{"@id":"https:\/\/toubkal.ac.ma\/#website"},"datePublished":"2022-11-10T12:27:35+00:00","dateModified":"2025-03-05T11:59:36+00:00","breadcrumb":{"@id":"https:\/\/toubkal.ac.ma\/index.php\/le-prescolaire\/#breadcrumb"},"inLanguage":"fr-FR","potentialAction":[{"@type":"ReadAction","target":["https:\/\/toubkal.ac.ma\/index.php\/le-prescolaire\/"]}]},{"@type":"BreadcrumbList","@id":"https:\/\/toubkal.ac.ma\/index.php\/le-prescolaire\/#breadcrumb","itemListElement":[{"@type":"ListItem","position":1,"name":"Home","item":"https:\/\/toubkal.ac.ma\/"},{"@type":"ListItem","position":2,"name":"Le pr\u00e9scolaire\u00a0"}]},{"@type":"WebSite","@id":"https:\/\/toubkal.ac.ma\/#website","url":"https:\/\/toubkal.ac.ma\/","name":"Toubkal","description":"Institution","potentialAction":[{"@type":"SearchAction","target":{"@type":"EntryPoint","urlTemplate":"https:\/\/toubkal.ac.ma\/?s={search_term_string}"},"query-input":"required name=search_term_string"}],"inLanguage":"fr-FR"}]}},"_links":{"self":[{"href":"https:\/\/toubkal.ac.ma\/index.php\/wp-json\/wp\/v2\/pages\/3097","targetHints":{"allow":["GET"]}}],"collection":[{"href":"https:\/\/toubkal.ac.ma\/index.php\/wp-json\/wp\/v2\/pages"}],"about":[{"href":"https:\/\/toubkal.ac.ma\/index.php\/wp-json\/wp\/v2\/types\/page"}],"author":[{"embeddable":true,"href":"https:\/\/toubkal.ac.ma\/index.php\/wp-json\/wp\/v2\/users\/1"}],"replies":[{"embeddable":true,"href":"https:\/\/toubkal.ac.ma\/index.php\/wp-json\/wp\/v2\/comments?post=3097"}],"version-history":[{"count":22,"href":"https:\/\/toubkal.ac.ma\/index.php\/wp-json\/wp\/v2\/pages\/3097\/revisions"}],"predecessor-version":[{"id":3956,"href":"https:\/\/toubkal.ac.ma\/index.php\/wp-json\/wp\/v2\/pages\/3097\/revisions\/3956"}],"wp:attachment":[{"href":"https:\/\/toubkal.ac.ma\/index.php\/wp-json\/wp\/v2\/media?parent=3097"}],"curies":[{"name":"wp","href":"https:\/\/api.w.org\/{rel}","templated":true}]}}