{"id":3068,"date":"2022-11-10T09:38:51","date_gmt":"2022-11-10T09:38:51","guid":{"rendered":"http:\/\/niozhhk.cluster028.hosting.ovh.net\/?page_id=3068"},"modified":"2025-03-04T10:19:35","modified_gmt":"2025-03-04T10:19:35","slug":"qui-sommes-nous","status":"publish","type":"page","link":"https:\/\/toubkal.ac.ma\/index.php\/qui-sommes-nous\/","title":{"rendered":"QUI SOMMES-NOUS ?"},"content":{"rendered":"<div id=\"cmsmasters_row_sq57m8wvw\" class=\"cmsmasters_row cmsmasters_color_scheme_default cmsmasters_row_top_default cmsmasters_row_bot_default cmsmasters_row_boxed\">\n<div class=\"cmsmasters_row_outer_parent\">\n<div class=\"cmsmasters_row_outer\">\n<div class=\"cmsmasters_row_inner\">\n<div class=\"cmsmasters_row_margin\">\n<div id=\"cmsmasters_column_2490pqpm7e\" class=\"cmsmasters_column one_half\">\n<div class=\"cmsmasters_column_inner\"><div id=\"cmsmasters_heading_c7h7zszq1h\" class=\"cmsmasters_heading_wrap cmsmasters_heading_align_left\">\n\t<h4 class=\"cmsmasters_heading\">Tous au service de l\u2019enfant<\/h4>\n<\/div><div class=\"cmsmasters_text\">\n<p style=\"text-align: justify;\">Toubkal est un projet, n\u00e9 de l\u2019ambition de parents soucieux de promouvoir l\u2019action \u00e9ducative. Les strat\u00e9gies d\u2019apprentissage et les performances escompt\u00e9es visent simultan\u00e9ment \u00e0 dispenser une formation de qualit\u00e9, et instaurer une intelligence relationnelle via l\u2019engagement d\u2019une \u00e9quipe comp\u00e9tente et exp\u00e9riment\u00e9e. Tout ceci dans un cadre agr\u00e9able, combinant la passion d\u2019enseigner et le plaisir d\u2019apprendre.<\/p>\n<\/div>\n<\/div><\/div>\n<div id=\"cmsmasters_column_0qstex6yf\" class=\"cmsmasters_column one_half\">\n<div class=\"cmsmasters_column_inner\"><div class=\"cmsmasters_img  cmsmasters_image_n\"><img decoding=\"async\" src=\"https:\/\/toubkal.ac.ma\/wp-content\/uploads\/2025\/01\/biblio.jpg\" \/><\/div>\n<\/div><\/div>\n<\/div>\n<\/div>\n<\/div>\n<\/div>\n<\/div>\n<div id=\"cmsmasters_row_162m967y1o\" class=\"cmsmasters_row cmsmasters_color_scheme_default cmsmasters_row_top_default cmsmasters_row_bot_default cmsmasters_row_boxed\">\n<div class=\"cmsmasters_row_outer_parent\">\n<div class=\"cmsmasters_row_outer\">\n<div class=\"cmsmasters_row_inner\">\n<div class=\"cmsmasters_row_margin cmsmasters_row_columns_behavior\">\n<div id=\"cmsmasters_column_f9xah3dzj\" class=\"cmsmasters_column one_third cmsmasters_column_sticky\">\n<div class=\"cmsmasters_column_inner\"><div id=\"cmsmasters_icon_box_uumovc9dxm\" class=\"cmsmasters_icon_box cmsmasters_icon_heading_left box_icon_type_image\">\n<div class=\"icon_box_inner\">\n<h3 class=\"icon_box_heading \">Notre vision<\/h3>\n<div class=\"icon_box_text\">\n<p>Une \u00e9cole innovante o\u00f9 chaque individu est valoris\u00e9 et o\u00f9 les valeurs humaines sont au c\u0153ur de toutes les interactions.<\/p>\n<\/div>\n<\/div>\n<\/div>\n<\/div><\/div>\n<div id=\"cmsmasters_column_n7l23rfcvt\" class=\"cmsmasters_column one_third cmsmasters_column_sticky\">\n<div class=\"cmsmasters_column_inner\"><div id=\"cmsmasters_icon_box_u1fg98e98l\" class=\"cmsmasters_icon_box cmsmasters_icon_heading_left box_icon_type_image\">\n<div class=\"icon_box_inner\">\n<h3 class=\"icon_box_heading \">Notre mission<\/h3>\n<div class=\"icon_box_text\">\n<p>Inspirer chaque \u00e9l\u00e8ve \u00e0 acqu\u00e9rir des connaissances solides, cultiver les comp\u00e9tences essentielles, adopter les valeurs humaines et d\u00e9velopper son bien-\u00eatre physique afin de devenir un citoyen actif et responsable.<\/p>\n<\/div>\n<\/div>\n<\/div>\n<\/div><\/div>\n<div id=\"cmsmasters_column_ellgys39pu\" class=\"cmsmasters_column one_third cmsmasters_column_sticky\">\n<div class=\"cmsmasters_column_inner\"><div id=\"cmsmasters_icon_box_lfnqqvmjhp\" class=\"cmsmasters_icon_box cmsmasters_icon_heading_left box_icon_type_image\">\n<div class=\"icon_box_inner\">\n<h3 class=\"icon_box_heading \">Nos valeurs<\/h3>\n<div class=\"icon_box_text\">\n<p><span style=\"color: #ffcc00;\"><strong>PRIER DIEU<\/strong><\/span><\/p>\n<div style=\"display: flex; gap: 20px;\">\n<div>\n<ul>\n<li><span style=\"color: #ffcc00;\"><strong>P<\/strong><\/span>rofessionnalisme<\/li>\n<li><span style=\"color: #ffcc00;\"><strong>R<\/strong><\/span>espect<\/li>\n<li><span style=\"color: #ffcc00;\"><strong>I<\/strong><\/span>dentit\u00e9<\/li>\n<li><span style=\"color: #ffcc00;\"><strong>E<\/strong><\/span>thique<\/li>\n<li><span style=\"color: #ffcc00;\"><strong>R<\/strong><\/span>esponsabilit\u00e9<\/li>\n<\/ul>\n<\/div>\n<div>\n<ul>\n<li><span style=\"color: #ffcc00;\"><strong>D<\/strong><\/span>\u00e9ontologie<\/li>\n<li><span style=\"color: #ffcc00;\"><strong>I<\/strong><\/span>mplication<\/li>\n<li><span style=\"color: #ffcc00;\"><strong>E<\/strong><\/span>mpathie<\/li>\n<li><span style=\"color: #ffcc00;\"><strong>U<\/strong><\/span>tilitarisme<\/li>\n<\/ul>\n<\/div>\n<\/div>\n<\/div>\n<\/div>\n<\/div>\n<\/div><\/div>\n<\/div>\n<\/div>\n<\/div>\n<\/div>\n<\/div>\n<div id=\"cmsmasters_row_zhghcj1y7u\" class=\"cmsmasters_row cmsmasters_color_scheme_default cmsmasters_row_top_default cmsmasters_row_bot_default cmsmasters_row_boxed\">\n<div class=\"cmsmasters_row_outer_parent\">\n<div class=\"cmsmasters_row_outer\">\n<div class=\"cmsmasters_row_inner\">\n<div class=\"cmsmasters_row_margin cmsmasters_row_columns_behavior\">\n<div id=\"cmsmasters_column_cs1farldtk\" class=\"cmsmasters_column one_half\">\n<div class=\"cmsmasters_column_inner\"><div id=\"cmsmasters_icon_box_e9aqha0ze7\" class=\"cmsmasters_icon_box cmsmasters_icon_heading_left box_icon_type_image\">\n<div class=\"icon_box_inner\">\n<h3 class=\"icon_box_heading \">Nos axes strat\u00e9giques<\/h3>\n<div class=\"icon_box_text\">\n<ul>\n<li>L\u2019enfant notre centre d\u2019int\u00e9r\u00eat.<\/li>\n<li>Une formation fonctionnelle et efficace.<\/li>\n<li>Rem\u00e9diation aux dysfonctionnements d\u2019apprentissage.<\/li>\n<li>Forte collaboration parents\/\u00e9cole.<\/li>\n<li>Esprit d\u2019\u00e9quipe et intelligence relationnelle.<\/li>\n<li>Une \u00e9cole intelligente et innovante.<\/li>\n<\/ul>\n<\/div>\n<\/div>\n<\/div>\n<\/div><\/div>\n<div id=\"cmsmasters_column_zzb2ur9hqf\" class=\"cmsmasters_column one_half\">\n<div class=\"cmsmasters_column_inner\"><div id=\"cmsmasters_icon_box_vysygh88h2\" class=\"cmsmasters_icon_box cmsmasters_icon_heading_left box_icon_type_image\">\n<div class=\"icon_box_inner\">\n<h3 class=\"icon_box_heading \">Nos objectifs<\/h3>\n<div class=\"icon_box_text\">\n<ul>\n<li>L\u2019\u00e9ducation aux pr\u00e9ceptes de notre civilisation, \u00e0 la citoyennet\u00e9 et \u00e0 la responsabilit\u00e9 pour int\u00e9grer au mieux la vie sociale et relever ses d\u00e9fis.<\/li>\n<li>La formation et le d\u00e9veloppement de la personnalit\u00e9 de l\u2019enfant pour que chacun puisse exprimer ses vocations personnelles et ses facult\u00e9s individuelles.<\/li>\n<li>L\u2019excellence p\u00e9dagogique en mati\u00e8re d\u2019am\u00e9lioration de la qualit\u00e9 de l\u2019enseignement.<\/li>\n<\/ul>\n<\/div>\n<\/div>\n<\/div>\n<\/div><\/div>\n<\/div>\n<\/div>\n<\/div>\n<\/div>\n<\/div>\n\n","protected":false},"excerpt":{"rendered":"","protected":false},"author":1,"featured_media":0,"parent":0,"menu_order":0,"comment_status":"closed","ping_status":"closed","template":"","meta":{"footnotes":""},"class_list":["post-3068","page","type-page","status-publish","hentry"],"yoast_head":"<!-- This site is optimized with the Yoast SEO plugin v19.10 - https:\/\/yoast.com\/wordpress\/plugins\/seo\/ -->\n<title>QUI SOMMES-NOUS ? - Toubkal<\/title>\n<meta name=\"robots\" content=\"index, follow, max-snippet:-1, max-image-preview:large, max-video-preview:-1\" \/>\n<link rel=\"canonical\" href=\"https:\/\/toubkal.ac.ma\/index.php\/qui-sommes-nous\/\" \/>\n<meta property=\"og:locale\" content=\"fr_FR\" \/>\n<meta property=\"og:type\" content=\"article\" \/>\n<meta property=\"og:title\" content=\"QUI SOMMES-NOUS ? - Toubkal\" \/>\n<meta property=\"og:url\" content=\"https:\/\/toubkal.ac.ma\/index.php\/qui-sommes-nous\/\" \/>\n<meta property=\"og:site_name\" content=\"Toubkal\" \/>\n<meta property=\"article:modified_time\" content=\"2025-03-04T10:19:35+00:00\" \/>\n<meta name=\"twitter:card\" content=\"summary_large_image\" \/>\n<meta name=\"twitter:label1\" content=\"Dur\u00e9e de lecture estim\u00e9e\" \/>\n\t<meta name=\"twitter:data1\" content=\"3 minutes\" \/>\n<script type=\"application\/ld+json\" class=\"yoast-schema-graph\">{\"@context\":\"https:\/\/schema.org\",\"@graph\":[{\"@type\":\"WebPage\",\"@id\":\"https:\/\/toubkal.ac.ma\/index.php\/qui-sommes-nous\/\",\"url\":\"https:\/\/toubkal.ac.ma\/index.php\/qui-sommes-nous\/\",\"name\":\"QUI SOMMES-NOUS ? - Toubkal\",\"isPartOf\":{\"@id\":\"https:\/\/toubkal.ac.ma\/#website\"},\"datePublished\":\"2022-11-10T09:38:51+00:00\",\"dateModified\":\"2025-03-04T10:19:35+00:00\",\"breadcrumb\":{\"@id\":\"https:\/\/toubkal.ac.ma\/index.php\/qui-sommes-nous\/#breadcrumb\"},\"inLanguage\":\"fr-FR\",\"potentialAction\":[{\"@type\":\"ReadAction\",\"target\":[\"https:\/\/toubkal.ac.ma\/index.php\/qui-sommes-nous\/\"]}]},{\"@type\":\"BreadcrumbList\",\"@id\":\"https:\/\/toubkal.ac.ma\/index.php\/qui-sommes-nous\/#breadcrumb\",\"itemListElement\":[{\"@type\":\"ListItem\",\"position\":1,\"name\":\"Home\",\"item\":\"https:\/\/toubkal.ac.ma\/\"},{\"@type\":\"ListItem\",\"position\":2,\"name\":\"QUI SOMMES-NOUS ?\"}]},{\"@type\":\"WebSite\",\"@id\":\"https:\/\/toubkal.ac.ma\/#website\",\"url\":\"https:\/\/toubkal.ac.ma\/\",\"name\":\"Toubkal\",\"description\":\"Institution\",\"potentialAction\":[{\"@type\":\"SearchAction\",\"target\":{\"@type\":\"EntryPoint\",\"urlTemplate\":\"https:\/\/toubkal.ac.ma\/?s={search_term_string}\"},\"query-input\":\"required name=search_term_string\"}],\"inLanguage\":\"fr-FR\"}]}<\/script>\n<!-- \/ Yoast SEO plugin. -->","yoast_head_json":{"title":"QUI SOMMES-NOUS ? - Toubkal","robots":{"index":"index","follow":"follow","max-snippet":"max-snippet:-1","max-image-preview":"max-image-preview:large","max-video-preview":"max-video-preview:-1"},"canonical":"https:\/\/toubkal.ac.ma\/index.php\/qui-sommes-nous\/","og_locale":"fr_FR","og_type":"article","og_title":"QUI SOMMES-NOUS ? - Toubkal","og_url":"https:\/\/toubkal.ac.ma\/index.php\/qui-sommes-nous\/","og_site_name":"Toubkal","article_modified_time":"2025-03-04T10:19:35+00:00","twitter_card":"summary_large_image","twitter_misc":{"Dur\u00e9e de lecture estim\u00e9e":"3 minutes"},"schema":{"@context":"https:\/\/schema.org","@graph":[{"@type":"WebPage","@id":"https:\/\/toubkal.ac.ma\/index.php\/qui-sommes-nous\/","url":"https:\/\/toubkal.ac.ma\/index.php\/qui-sommes-nous\/","name":"QUI SOMMES-NOUS ? - Toubkal","isPartOf":{"@id":"https:\/\/toubkal.ac.ma\/#website"},"datePublished":"2022-11-10T09:38:51+00:00","dateModified":"2025-03-04T10:19:35+00:00","breadcrumb":{"@id":"https:\/\/toubkal.ac.ma\/index.php\/qui-sommes-nous\/#breadcrumb"},"inLanguage":"fr-FR","potentialAction":[{"@type":"ReadAction","target":["https:\/\/toubkal.ac.ma\/index.php\/qui-sommes-nous\/"]}]},{"@type":"BreadcrumbList","@id":"https:\/\/toubkal.ac.ma\/index.php\/qui-sommes-nous\/#breadcrumb","itemListElement":[{"@type":"ListItem","position":1,"name":"Home","item":"https:\/\/toubkal.ac.ma\/"},{"@type":"ListItem","position":2,"name":"QUI SOMMES-NOUS ?"}]},{"@type":"WebSite","@id":"https:\/\/toubkal.ac.ma\/#website","url":"https:\/\/toubkal.ac.ma\/","name":"Toubkal","description":"Institution","potentialAction":[{"@type":"SearchAction","target":{"@type":"EntryPoint","urlTemplate":"https:\/\/toubkal.ac.ma\/?s={search_term_string}"},"query-input":"required name=search_term_string"}],"inLanguage":"fr-FR"}]}},"_links":{"self":[{"href":"https:\/\/toubkal.ac.ma\/index.php\/wp-json\/wp\/v2\/pages\/3068","targetHints":{"allow":["GET"]}}],"collection":[{"href":"https:\/\/toubkal.ac.ma\/index.php\/wp-json\/wp\/v2\/pages"}],"about":[{"href":"https:\/\/toubkal.ac.ma\/index.php\/wp-json\/wp\/v2\/types\/page"}],"author":[{"embeddable":true,"href":"https:\/\/toubkal.ac.ma\/index.php\/wp-json\/wp\/v2\/users\/1"}],"replies":[{"embeddable":true,"href":"https:\/\/toubkal.ac.ma\/index.php\/wp-json\/wp\/v2\/comments?post=3068"}],"version-history":[{"count":43,"href":"https:\/\/toubkal.ac.ma\/index.php\/wp-json\/wp\/v2\/pages\/3068\/revisions"}],"predecessor-version":[{"id":3702,"href":"https:\/\/toubkal.ac.ma\/index.php\/wp-json\/wp\/v2\/pages\/3068\/revisions\/3702"}],"wp:attachment":[{"href":"https:\/\/toubkal.ac.ma\/index.php\/wp-json\/wp\/v2\/media?parent=3068"}],"curies":[{"name":"wp","href":"https:\/\/api.w.org\/{rel}","templated":true}]}}